{"id":3760,"date":"2024-07-17T07:53:30","date_gmt":"2024-07-17T07:53:30","guid":{"rendered":"https:\/\/weisshorn-am.com\/actualite\/"},"modified":"2026-01-15T14:41:06","modified_gmt":"2026-01-15T14:41:06","slug":"actualite","status":"publish","type":"page","link":"https:\/\/weisshorn-am.com\/fr\/actualite\/","title":{"rendered":"Actualit\u00e9"},"content":{"rendered":"\t\t<div data-elementor-type=\"wp-page\" data-elementor-id=\"3760\" class=\"elementor elementor-3760 elementor-758\" data-elementor-post-type=\"page\">\n\t\t\t\t<div class=\"elementor-element elementor-element-aa529f2 e-con-full e-flex e-con e-parent\" data-id=\"aa529f2\" data-element_type=\"container\" data-settings=\"{&quot;background_background&quot;:&quot;classic&quot;}\">\n\t\t\t\t<div class=\"elementor-element elementor-element-f1ea4ff animated-slow elementor-invisible elementor-widget elementor-widget-heading\" data-id=\"f1ea4ff\" data-element_type=\"widget\" data-settings=\"{&quot;_animation&quot;:&quot;fadeIn&quot;}\" data-widget_type=\"heading.default\">\n\t\t\t\t<div class=\"elementor-widget-container\">\n\t\t\t<h1 class=\"elementor-heading-title elementor-size-default\">Actualit\u00e9 et Publications de Weisshorn<\/h1>\t\t<\/div>\n\t\t\t\t<\/div>\n\t\t\t\t<\/div>\n\t\t<div class=\"elementor-element elementor-element-adc2855 animated-slow e-flex e-con-boxed elementor-invisible e-con e-parent\" data-id=\"adc2855\" data-element_type=\"container\" data-settings=\"{&quot;background_background&quot;:&quot;classic&quot;,&quot;animation&quot;:&quot;customFadeInUp&quot;}\">\n\t\t\t\t\t<div class=\"e-con-inner\">\n\t\t\t\t<div class=\"elementor-element elementor-element-2bd2ae4 elementor-grid-1 elementor-posts--thumbnail-left elementor-grid-tablet-2 elementor-grid-mobile-1 elementor-widget elementor-widget-posts\" data-id=\"2bd2ae4\" data-element_type=\"widget\" id=\"listPosts\" data-settings=\"{&quot;classic_columns&quot;:&quot;1&quot;,&quot;pagination_type&quot;:&quot;numbers&quot;,&quot;classic_columns_tablet&quot;:&quot;2&quot;,&quot;classic_columns_mobile&quot;:&quot;1&quot;,&quot;classic_row_gap&quot;:{&quot;unit&quot;:&quot;px&quot;,&quot;size&quot;:35,&quot;sizes&quot;:[]},&quot;classic_row_gap_tablet&quot;:{&quot;unit&quot;:&quot;px&quot;,&quot;size&quot;:&quot;&quot;,&quot;sizes&quot;:[]},&quot;classic_row_gap_mobile&quot;:{&quot;unit&quot;:&quot;px&quot;,&quot;size&quot;:&quot;&quot;,&quot;sizes&quot;:[]}}\" data-widget_type=\"posts.classic\">\n\t\t\t\t<div class=\"elementor-widget-container\">\n\t\t\t\t\t<div class=\"elementor-posts-container elementor-posts elementor-posts--skin-classic elementor-grid\">\n\t\t\t\t<article class=\"elementor-post elementor-grid-item post-8129 post type-post status-publish format-standard has-post-thumbnail hentry category-non-classifiee\">\n\t\t\t\t<a class=\"elementor-post__thumbnail__link\" href=\"https:\/\/weisshorn-am.com\/fr\/evolutions-au-sein-de-la-direction-de-weisshorn\/\" tabindex=\"-1\" >\n\t\t\t<div class=\"elementor-post__thumbnail\"><img fetchpriority=\"high\" decoding=\"async\" width=\"459\" height=\"512\" src=\"https:\/\/weisshorn-am.com\/wp-content\/uploads\/2026\/01\/Sonia_CV.jpg\" class=\"attachment-full size-full wp-image-8104\" alt=\"\" \/><\/div>\n\t\t<\/a>\n\t\t\t\t<div class=\"elementor-post__text\">\n\t\t\t\t<h2 class=\"elementor-post__title\">\n\t\t\t<a href=\"https:\/\/weisshorn-am.com\/fr\/evolutions-au-sein-de-la-direction-de-weisshorn\/\" >\n\t\t\t\t\u00c9volutions au sein de la direction de Weisshorn\t\t\t<\/a>\n\t\t<\/h2>\n\t\t\t\t<div class=\"elementor-post__meta-data\">\n\t\t\t\t\t<span class=\"elementor-post-date\">\n\t\t\t15\/01\/2026\t\t<\/span>\n\t\t\t\t<\/div>\n\t\t\t\t<div class=\"elementor-post__excerpt\">\n\t\t\t<p>Sonia promue au poste de COO Nous avons le plaisir de f\u00e9liciter Sonia pour sa promotion au poste de Chief<\/p>\n\t\t<\/div>\n\t\t\n\t\t<a class=\"elementor-post__read-more\" href=\"https:\/\/weisshorn-am.com\/fr\/evolutions-au-sein-de-la-direction-de-weisshorn\/\" aria-label=\"En savoir plus sur \u00c9volutions au sein de la direction de Weisshorn\" tabindex=\"-1\" >\n\t\t\tLire la suite\t\t<\/a>\n\n\t\t\t\t<\/div>\n\t\t\t\t<\/article>\n\t\t\t\t<article class=\"elementor-post elementor-grid-item post-7244 post type-post status-publish format-standard has-post-thumbnail hentry category-non-classifiee\">\n\t\t\t\t<a class=\"elementor-post__thumbnail__link\" href=\"https:\/\/weisshorn-am.com\/fr\/10-ans-deja\/\" tabindex=\"-1\" >\n\t\t\t<div class=\"elementor-post__thumbnail\"><img decoding=\"async\" width=\"2200\" height=\"1238\" src=\"https:\/\/weisshorn-am.com\/wp-content\/uploads\/2025\/09\/weisshorn-banner-10-years.jpg\" class=\"attachment-full size-full wp-image-7234\" alt=\"\" \/><\/div>\n\t\t<\/a>\n\t\t\t\t<div class=\"elementor-post__text\">\n\t\t\t\t<h2 class=\"elementor-post__title\">\n\t\t\t<a href=\"https:\/\/weisshorn-am.com\/fr\/10-ans-deja\/\" >\n\t\t\t\t10 ans d\u00e9j\u00e0\u00a0!\t\t\t<\/a>\n\t\t<\/h2>\n\t\t\t\t<div class=\"elementor-post__meta-data\">\n\t\t\t\t\t<span class=\"elementor-post-date\">\n\t\t\t12\/09\/2025\t\t<\/span>\n\t\t\t\t<\/div>\n\t\t\t\t<div class=\"elementor-post__excerpt\">\n\t\t\t<p>Chers Clients, chers Partenaires, Cette ann\u00e9e marque une \u00e9tape importante dans l\u2019histoire de notre soci\u00e9t\u00e9 et nous c\u00e9l\u00e9brons avec fiert\u00e9<\/p>\n\t\t<\/div>\n\t\t\n\t\t<a class=\"elementor-post__read-more\" href=\"https:\/\/weisshorn-am.com\/fr\/10-ans-deja\/\" aria-label=\"En savoir plus sur 10 ans d\u00e9j\u00e0\u00a0!\" tabindex=\"-1\" >\n\t\t\tLire la suite\t\t<\/a>\n\n\t\t\t\t<\/div>\n\t\t\t\t<\/article>\n\t\t\t\t<article class=\"elementor-post elementor-grid-item post-3834 post type-post status-publish format-standard has-post-thumbnail hentry category-news\">\n\t\t\t\t<a class=\"elementor-post__thumbnail__link\" href=\"https:\/\/weisshorn-am.com\/fr\/loreal-achete-gjosa\/\" tabindex=\"-1\" >\n\t\t\t<div class=\"elementor-post__thumbnail\"><img decoding=\"async\" width=\"1210\" height=\"853\" src=\"https:\/\/weisshorn-am.com\/wp-content\/uploads\/2025\/08\/SwissDividend.png\" class=\"attachment-full size-full wp-image-7065\" alt=\"\" \/><\/div>\n\t\t<\/a>\n\t\t\t\t<div class=\"elementor-post__text\">\n\t\t\t\t<h2 class=\"elementor-post__title\">\n\t\t\t<a href=\"https:\/\/weisshorn-am.com\/fr\/loreal-achete-gjosa\/\" >\n\t\t\t\tNouvel AMC sur les soci\u00e9t\u00e9s suisses \u00e0 hauts dividendes\t\t\t<\/a>\n\t\t<\/h2>\n\t\t\t\t<div class=\"elementor-post__meta-data\">\n\t\t\t\t\t<span class=\"elementor-post-date\">\n\t\t\t06\/08\/2025\t\t<\/span>\n\t\t\t\t<\/div>\n\t\t\t\t<div class=\"elementor-post__excerpt\">\n\t\t\t<p>Nous sommes heureux d\u2019annoncer le lancement de Swiss Dividend, un AMC d\u00e9di\u00e9 aux soci\u00e9t\u00e9s suisses \u00e0 hauts dividendes. Dans le<\/p>\n\t\t<\/div>\n\t\t\n\t\t<a class=\"elementor-post__read-more\" href=\"https:\/\/weisshorn-am.com\/fr\/loreal-achete-gjosa\/\" aria-label=\"En savoir plus sur Nouvel AMC sur les soci\u00e9t\u00e9s suisses \u00e0 hauts dividendes\" tabindex=\"-1\" >\n\t\t\tLire la suite\t\t<\/a>\n\n\t\t\t\t<\/div>\n\t\t\t\t<\/article>\n\t\t\t\t<\/div>\n\t\t\n\t\t\t\t<\/div>\n\t\t\t\t<\/div>\n\t\t\t\t\t<\/div>\n\t\t\t\t<\/div>\n\t\t\t\t<\/div>\n\t\t","protected":false},"excerpt":{"rendered":"<p>Actualit\u00e9 et Publications de Weisshorn<\/p>\n","protected":false},"author":1,"featured_media":0,"parent":0,"menu_order":0,"comment_status":"closed","ping_status":"closed","template":"elementor_header_footer","meta":{"_acf_changed":false,"footnotes":""},"acf":[],"yoast_head":"<!-- This site is optimized with the Yoast SEO plugin v23.7 - https:\/\/yoast.com\/wordpress\/plugins\/seo\/ -->\n<title>Actualit\u00e9 - Weisshorn Asset Management<\/title>\n<meta name=\"robots\" content=\"index, follow, max-snippet:-1, max-image-preview:large, max-video-preview:-1\" \/>\n<link rel=\"canonical\" href=\"https:\/\/weisshorn-am.com\/fr\/actualite\/\" \/>\n<meta property=\"og:locale\" content=\"fr_FR\" \/>\n<meta property=\"og:type\" content=\"article\" \/>\n<meta property=\"og:title\" content=\"Actualit\u00e9 - Weisshorn Asset Management\" \/>\n<meta property=\"og:description\" content=\"Actualit\u00e9 et Publications de Weisshorn\" \/>\n<meta property=\"og:url\" content=\"https:\/\/weisshorn-am.com\/fr\/actualite\/\" \/>\n<meta property=\"og:site_name\" content=\"Weisshorn Asset Management\" \/>\n<meta property=\"article:modified_time\" content=\"2026-01-15T14:41:06+00:00\" \/>\n<meta name=\"twitter:card\" content=\"summary_large_image\" \/>\n<meta name=\"twitter:label1\" content=\"Dur\u00e9e de lecture estim\u00e9e\" \/>\n\t<meta name=\"twitter:data1\" content=\"3 minutes\" \/>\n<script type=\"application\/ld+json\" class=\"yoast-schema-graph\">{\"@context\":\"https:\/\/schema.org\",\"@graph\":[{\"@type\":\"WebPage\",\"@id\":\"https:\/\/weisshorn-am.com\/fr\/actualite\/\",\"url\":\"https:\/\/weisshorn-am.com\/fr\/actualite\/\",\"name\":\"Actualit\u00e9 - Weisshorn Asset Management\",\"isPartOf\":{\"@id\":\"https:\/\/weisshorn-am.com\/fr\/#website\"},\"datePublished\":\"2024-07-17T07:53:30+00:00\",\"dateModified\":\"2026-01-15T14:41:06+00:00\",\"breadcrumb\":{\"@id\":\"https:\/\/weisshorn-am.com\/fr\/actualite\/#breadcrumb\"},\"inLanguage\":\"fr-FR\",\"potentialAction\":[{\"@type\":\"ReadAction\",\"target\":[\"https:\/\/weisshorn-am.com\/fr\/actualite\/\"]}]},{\"@type\":\"BreadcrumbList\",\"@id\":\"https:\/\/weisshorn-am.com\/fr\/actualite\/#breadcrumb\",\"itemListElement\":[{\"@type\":\"ListItem\",\"position\":1,\"name\":\"Home\",\"item\":\"https:\/\/weisshorn-am.com\/fr\/\"},{\"@type\":\"ListItem\",\"position\":2,\"name\":\"Actualit\u00e9\"}]},{\"@type\":\"WebSite\",\"@id\":\"https:\/\/weisshorn-am.com\/fr\/#website\",\"url\":\"https:\/\/weisshorn-am.com\/fr\/\",\"name\":\"Weisshorn Asset Management\",\"description\":\"\",\"publisher\":{\"@id\":\"https:\/\/weisshorn-am.com\/fr\/#organization\"},\"potentialAction\":[{\"@type\":\"SearchAction\",\"target\":{\"@type\":\"EntryPoint\",\"urlTemplate\":\"https:\/\/weisshorn-am.com\/fr\/?s={search_term_string}\"},\"query-input\":{\"@type\":\"PropertyValueSpecification\",\"valueRequired\":true,\"valueName\":\"search_term_string\"}}],\"inLanguage\":\"fr-FR\"},{\"@type\":\"Organization\",\"@id\":\"https:\/\/weisshorn-am.com\/fr\/#organization\",\"name\":\"Weisshorn Asset Management\",\"url\":\"https:\/\/weisshorn-am.com\/fr\/\",\"logo\":{\"@type\":\"ImageObject\",\"inLanguage\":\"fr-FR\",\"@id\":\"https:\/\/weisshorn-am.com\/fr\/#\/schema\/logo\/image\/\",\"url\":\"https:\/\/weisshorn-am.com\/wp-content\/uploads\/2024\/07\/logo-weisshorn.png\",\"contentUrl\":\"https:\/\/weisshorn-am.com\/wp-content\/uploads\/2024\/07\/logo-weisshorn.png\",\"width\":228,\"height\":55,\"caption\":\"Weisshorn Asset Management\"},\"image\":{\"@id\":\"https:\/\/weisshorn-am.com\/fr\/#\/schema\/logo\/image\/\"}}]}<\/script>\n<!-- \/ Yoast SEO plugin. -->","yoast_head_json":{"title":"Actualit\u00e9 - Weisshorn Asset Management","robots":{"index":"index","follow":"follow","max-snippet":"max-snippet:-1","max-image-preview":"max-image-preview:large","max-video-preview":"max-video-preview:-1"},"canonical":"https:\/\/weisshorn-am.com\/fr\/actualite\/","og_locale":"fr_FR","og_type":"article","og_title":"Actualit\u00e9 - Weisshorn Asset Management","og_description":"Actualit\u00e9 et Publications de Weisshorn","og_url":"https:\/\/weisshorn-am.com\/fr\/actualite\/","og_site_name":"Weisshorn Asset Management","article_modified_time":"2026-01-15T14:41:06+00:00","twitter_card":"summary_large_image","twitter_misc":{"Dur\u00e9e de lecture estim\u00e9e":"3 minutes"},"schema":{"@context":"https:\/\/schema.org","@graph":[{"@type":"WebPage","@id":"https:\/\/weisshorn-am.com\/fr\/actualite\/","url":"https:\/\/weisshorn-am.com\/fr\/actualite\/","name":"Actualit\u00e9 - Weisshorn Asset Management","isPartOf":{"@id":"https:\/\/weisshorn-am.com\/fr\/#website"},"datePublished":"2024-07-17T07:53:30+00:00","dateModified":"2026-01-15T14:41:06+00:00","breadcrumb":{"@id":"https:\/\/weisshorn-am.com\/fr\/actualite\/#breadcrumb"},"inLanguage":"fr-FR","potentialAction":[{"@type":"ReadAction","target":["https:\/\/weisshorn-am.com\/fr\/actualite\/"]}]},{"@type":"BreadcrumbList","@id":"https:\/\/weisshorn-am.com\/fr\/actualite\/#breadcrumb","itemListElement":[{"@type":"ListItem","position":1,"name":"Home","item":"https:\/\/weisshorn-am.com\/fr\/"},{"@type":"ListItem","position":2,"name":"Actualit\u00e9"}]},{"@type":"WebSite","@id":"https:\/\/weisshorn-am.com\/fr\/#website","url":"https:\/\/weisshorn-am.com\/fr\/","name":"Weisshorn Asset Management","description":"","publisher":{"@id":"https:\/\/weisshorn-am.com\/fr\/#organization"},"potentialAction":[{"@type":"SearchAction","target":{"@type":"EntryPoint","urlTemplate":"https:\/\/weisshorn-am.com\/fr\/?s={search_term_string}"},"query-input":{"@type":"PropertyValueSpecification","valueRequired":true,"valueName":"search_term_string"}}],"inLanguage":"fr-FR"},{"@type":"Organization","@id":"https:\/\/weisshorn-am.com\/fr\/#organization","name":"Weisshorn Asset Management","url":"https:\/\/weisshorn-am.com\/fr\/","logo":{"@type":"ImageObject","inLanguage":"fr-FR","@id":"https:\/\/weisshorn-am.com\/fr\/#\/schema\/logo\/image\/","url":"https:\/\/weisshorn-am.com\/wp-content\/uploads\/2024\/07\/logo-weisshorn.png","contentUrl":"https:\/\/weisshorn-am.com\/wp-content\/uploads\/2024\/07\/logo-weisshorn.png","width":228,"height":55,"caption":"Weisshorn Asset Management"},"image":{"@id":"https:\/\/weisshorn-am.com\/fr\/#\/schema\/logo\/image\/"}}]}},"_links":{"self":[{"href":"https:\/\/weisshorn-am.com\/fr\/wp-json\/wp\/v2\/pages\/3760"}],"collection":[{"href":"https:\/\/weisshorn-am.com\/fr\/wp-json\/wp\/v2\/pages"}],"about":[{"href":"https:\/\/weisshorn-am.com\/fr\/wp-json\/wp\/v2\/types\/page"}],"author":[{"embeddable":true,"href":"https:\/\/weisshorn-am.com\/fr\/wp-json\/wp\/v2\/users\/1"}],"replies":[{"embeddable":true,"href":"https:\/\/weisshorn-am.com\/fr\/wp-json\/wp\/v2\/comments?post=3760"}],"version-history":[{"count":20,"href":"https:\/\/weisshorn-am.com\/fr\/wp-json\/wp\/v2\/pages\/3760\/revisions"}],"predecessor-version":[{"id":8146,"href":"https:\/\/weisshorn-am.com\/fr\/wp-json\/wp\/v2\/pages\/3760\/revisions\/8146"}],"wp:attachment":[{"href":"https:\/\/weisshorn-am.com\/fr\/wp-json\/wp\/v2\/media?parent=3760"}],"curies":[{"name":"wp","href":"https:\/\/api.w.org\/{rel}","templated":true}]}}