{"id":3754,"date":"2024-07-17T05:55:38","date_gmt":"2024-07-17T05:55:38","guid":{"rendered":"https:\/\/weisshorn-am.com\/investissements\/"},"modified":"2025-06-16T09:19:38","modified_gmt":"2025-06-16T09:19:38","slug":"investissements","status":"publish","type":"page","link":"https:\/\/weisshorn-am.com\/fr\/investissements\/","title":{"rendered":"Investissements"},"content":{"rendered":"\t\t<div data-elementor-type=\"wp-page\" data-elementor-id=\"3754\" class=\"elementor elementor-3754 elementor-681\" data-elementor-post-type=\"page\">\n\t\t\t\t<div class=\"elementor-element elementor-element-aa529f2 e-con-full e-flex e-con e-parent\" data-id=\"aa529f2\" data-element_type=\"container\" data-settings=\"{&quot;background_background&quot;:&quot;classic&quot;}\">\n\t\t\t\t<div class=\"elementor-element elementor-element-f1ea4ff animated-slow elementor-invisible elementor-widget elementor-widget-heading\" data-id=\"f1ea4ff\" data-element_type=\"widget\" data-settings=\"{&quot;_animation&quot;:&quot;fadeIn&quot;}\" data-widget_type=\"heading.default\">\n\t\t\t\t<div class=\"elementor-widget-container\">\n\t\t\t<h1 class=\"elementor-heading-title elementor-size-default\">Investissements<\/h1>\t\t<\/div>\n\t\t\t\t<\/div>\n\t\t\t\t<\/div>\n\t\t<div class=\"elementor-element elementor-element-3617582 e-flex e-con-boxed e-con e-parent\" data-id=\"3617582\" data-element_type=\"container\" data-settings=\"{&quot;background_background&quot;:&quot;classic&quot;,&quot;animation&quot;:&quot;none&quot;}\">\n\t\t\t\t\t<div class=\"e-con-inner\">\n\t\t<div class=\"elementor-element elementor-element-cd8e843 e-con-full animated-fast e-flex elementor-invisible e-con e-child\" data-id=\"cd8e843\" data-element_type=\"container\" data-settings=\"{&quot;animation&quot;:&quot;customFadeInUp&quot;}\">\n\t\t\t\t<div class=\"elementor-element elementor-element-0d5b140 animated-slow elementor-widget elementor-widget-image\" data-id=\"0d5b140\" data-element_type=\"widget\" data-settings=\"{&quot;_animation&quot;:&quot;none&quot;}\" data-widget_type=\"image.default\">\n\t\t\t\t<div class=\"elementor-widget-container\">\n\t\t\t\t\t\t\t\t\t\t\t\t\t<img fetchpriority=\"high\" decoding=\"async\" width=\"2992\" height=\"2992\" src=\"https:\/\/weisshorn-am.com\/wp-content\/uploads\/2025\/06\/20250608_115441.jpg\" class=\"attachment-full size-full wp-image-6595\" alt=\"\" \/>\t\t\t\t\t\t\t\t\t\t\t\t\t<\/div>\n\t\t\t\t<\/div>\n\t\t\t\t<\/div>\n\t\t<div class=\"elementor-element elementor-element-40e1cd0 e-con-full animated-fast e-flex elementor-invisible e-con e-child\" data-id=\"40e1cd0\" data-element_type=\"container\" data-settings=\"{&quot;animation&quot;:&quot;customFadeInUp&quot;}\">\n\t\t\t\t<div class=\"elementor-element elementor-element-175871d elementor-widget elementor-widget-heading\" data-id=\"175871d\" data-element_type=\"widget\" data-settings=\"{&quot;_animation&quot;:&quot;none&quot;}\" data-widget_type=\"heading.default\">\n\t\t\t\t<div class=\"elementor-widget-container\">\n\t\t\t<h2 class=\"elementor-heading-title elementor-size-default\">Passionn\u00e9s<\/h2>\t\t<\/div>\n\t\t\t\t<\/div>\n\t\t\t\t<div class=\"elementor-element elementor-element-c072243 animated-slow elementor-widget elementor-widget-heading\" data-id=\"c072243\" data-element_type=\"widget\" data-settings=\"{&quot;_animation&quot;:&quot;none&quot;}\" data-widget_type=\"heading.default\">\n\t\t\t\t<div class=\"elementor-widget-container\">\n\t\t\t<h3 class=\"elementor-heading-title elementor-size-default\">Passionn\u00e9s par l'investissement, nous proposons des services de gestion priv\u00e9e et collective.<\/h3>\t\t<\/div>\n\t\t\t\t<\/div>\n\t\t\t\t<div class=\"elementor-element elementor-element-3cd6fae blkWysiwyg animated-slow elementor-widget elementor-widget-text-editor\" data-id=\"3cd6fae\" data-element_type=\"widget\" data-settings=\"{&quot;_animation&quot;:&quot;none&quot;}\" data-widget_type=\"text-editor.default\">\n\t\t\t\t<div class=\"elementor-widget-container\">\n\t\t\t\t\t\t\t<p>Pour vous aider \u00e0 atteindre vos objectifs d\u2019investissement, Weisshorn Asset Management SA utilise un processus d\u2019investissement rigoureux qui est audit\u00e9 chaque ann\u00e9e par l\u2019Autorit\u00e9 f\u00e9d\u00e9rale de surveillance des march\u00e9s financiers (FINMA). Nous sommes enti\u00e8rement enregistr\u00e9s et autoris\u00e9s en vertu de la loi f\u00e9d\u00e9rale sur les placements collectifs de capitaux (LPCC), une distinction d\u00e9tenue par seulement 350 des quelque 2500 soci\u00e9t\u00e9s de gestion en Suisse.<\/p>\n<p>Nos services complets couvrent \u00e0 la fois les march\u00e9s cot\u00e9s en bourse et les march\u00e9s priv\u00e9s. Dans le domaine du capital-risque, nous collaborons avec des partenaires de longue date et hautement qualifi\u00e9s, ce qui nous permet de garantir le plus haut niveau d\u2019expertise.<\/p>\n<p>Que vous cherchiez \u00e0 consolider vos actifs ou que vous ayez besoin d\u2019un suivi continu de votre portefeuille, nous vous offrons une vision holistique de l\u2019\u00e9volution de votre patrimoine.<\/p>\n<p>Notre philosophie d\u2019investissement est bas\u00e9e sur la simplicit\u00e9 et la clart\u00e9, et se concentre sur des convictions fortes et coh\u00e9rentes \u00e0 long terme. Nous \u00e9vitons les pr\u00e9visions \u00e0 court terme qui peuvent conduire \u00e0 une \u00e9rosion de la valeur.<\/p>\n<p>Afin d\u2019am\u00e9liorer encore nos services, nous nous associons \u00e0 des sp\u00e9cialistes externes reconnus, en donnant toujours la priorit\u00e9 aux int\u00e9r\u00eats de nos clients.<\/p>\n\t\t\t\t\t\t<\/div>\n\t\t\t\t<\/div>\n\t\t\t\t<\/div>\n\t\t\t\t\t<\/div>\n\t\t\t\t<\/div>\n\t\t<div class=\"elementor-element elementor-element-9e13d3a e-con-full e-flex e-con e-parent\" data-id=\"9e13d3a\" data-element_type=\"container\" data-settings=\"{&quot;background_background&quot;:&quot;classic&quot;}\">\n\t\t<div class=\"elementor-element elementor-element-f1e74cb animated-fast e-flex e-con-boxed elementor-invisible e-con e-child\" data-id=\"f1e74cb\" data-element_type=\"container\" data-settings=\"{&quot;animation&quot;:&quot;fadeIn&quot;}\">\n\t\t\t\t\t<div class=\"e-con-inner\">\n\t\t<div class=\"elementor-element elementor-element-aefa070 e-con-full e-flex e-con e-child\" data-id=\"aefa070\" data-element_type=\"container\">\n\t\t\t\t<div class=\"elementor-element elementor-element-7e604d4 elementor-widget elementor-widget-heading\" data-id=\"7e604d4\" data-element_type=\"widget\" data-widget_type=\"heading.default\">\n\t\t\t\t<div class=\"elementor-widget-container\">\n\t\t\t<h2 class=\"elementor-heading-title elementor-size-default\">Politique d'Investissement<\/h2>\t\t<\/div>\n\t\t\t\t<\/div>\n\t\t\t\t<div class=\"elementor-element elementor-element-4685c49 elementor-widget elementor-widget-text-editor\" data-id=\"4685c49\" data-element_type=\"widget\" data-widget_type=\"text-editor.default\">\n\t\t\t\t<div class=\"elementor-widget-container\">\n\t\t\t\t\t\t\t<p>Le comit\u00e9 de gestion se r\u00e9unit chaque semaine pour analyser des param\u00e8tres cl\u00e9s tels que le risque, la gestion op\u00e9rationnelle, l\u2019alignement des produits avec les objectifs et les corr\u00e9lations entre les investissements. Ces r\u00e9unions sont cruciales pour \u00e9laborer des d\u00e9cisions strat\u00e9giques pour les placements collectifs et les portefeuilles priv\u00e9s.<\/p>\n<p>En plus de ces comit\u00e9s hebdomadaires, notre comit\u00e9 d&rsquo;investissement se r\u00e9unit tous les trimestres pour r\u00e9viser et actualiser le processus et les politiques d&rsquo;investissement. Ce comit\u00e9 inclut les membres suivants :<\/p>\n<p>Thierry Michel, Directeur g\u00e9n\u00e9ral<br \/>\nAlexandre Gulino, CIIA, CIO<br \/>\nAlexandre Bouchardy, CFA, Responsable obligataire<br \/>\nLucas Matti, CFA, Gestionnaire de portefeuille<\/p>\n\t\t\t\t\t\t<\/div>\n\t\t\t\t<\/div>\n\t\t\t\t<\/div>\n\t\t<div class=\"elementor-element elementor-element-7b362ca e-con-full e-flex e-con e-child\" data-id=\"7b362ca\" data-element_type=\"container\">\n\t\t\t\t<div class=\"elementor-element elementor-element-51bb99b elementor-widget elementor-widget-image\" data-id=\"51bb99b\" data-element_type=\"widget\" data-widget_type=\"image.default\">\n\t\t\t\t<div class=\"elementor-widget-container\">\n\t\t\t\t\t\t\t\t\t\t\t\t\t<img decoding=\"async\" width=\"1920\" height=\"1080\" src=\"https:\/\/weisshorn-am.com\/wp-content\/uploads\/2024\/09\/WH-investments-1.png\" class=\"attachment-full size-full wp-image-3257\" alt=\"\" srcset=\"https:\/\/weisshorn-am.com\/wp-content\/uploads\/2024\/09\/WH-investments-1.png 1920w, https:\/\/weisshorn-am.com\/wp-content\/uploads\/2024\/09\/WH-investments-1-300x169.png 300w, https:\/\/weisshorn-am.com\/wp-content\/uploads\/2024\/09\/WH-investments-1-1024x576.png 1024w, https:\/\/weisshorn-am.com\/wp-content\/uploads\/2024\/09\/WH-investments-1-768x432.png 768w, https:\/\/weisshorn-am.com\/wp-content\/uploads\/2024\/09\/WH-investments-1-1536x864.png 1536w\" sizes=\"(max-width: 1920px) 100vw, 1920px\" \/>\t\t\t\t\t\t\t\t\t\t\t\t\t<\/div>\n\t\t\t\t<\/div>\n\t\t\t\t<\/div>\n\t\t\t\t\t<\/div>\n\t\t\t\t<\/div>\n\t\t<div class=\"elementor-element elementor-element-7f0c18c animated-fast e-flex e-con-boxed elementor-invisible e-con e-child\" data-id=\"7f0c18c\" data-element_type=\"container\" data-settings=\"{&quot;animation&quot;:&quot;fadeIn&quot;}\">\n\t\t\t\t\t<div class=\"e-con-inner\">\n\t\t<div class=\"elementor-element elementor-element-b8fd230 e-con-full e-flex e-con e-child\" data-id=\"b8fd230\" data-element_type=\"container\">\n\t\t\t\t<div class=\"elementor-element elementor-element-963720c elementor-widget elementor-widget-heading\" data-id=\"963720c\" data-element_type=\"widget\" data-widget_type=\"heading.default\">\n\t\t\t\t<div class=\"elementor-widget-container\">\n\t\t\t<h2 class=\"elementor-heading-title elementor-size-default\">Gestion de Patrimoine<\/h2>\t\t<\/div>\n\t\t\t\t<\/div>\n\t\t\t\t<div class=\"elementor-element elementor-element-c3b9563 elementor-widget elementor-widget-text-editor\" data-id=\"c3b9563\" data-element_type=\"widget\" data-widget_type=\"text-editor.default\">\n\t\t\t\t<div class=\"elementor-widget-container\">\n\t\t\t\t\t\t\t<p>Weisshorn Asset Management SA propose des mandats discr\u00e9tionnaires, soigneusement adapt\u00e9s aux besoins sp\u00e9cifiques et \u00e0 la tol\u00e9rance au risque de chaque client.<\/p>\n<p>Gr\u00e2ce \u00e0 une compr\u00e9hension approfondie des objectifs financiers et de l&rsquo;aversion au risque de nos clients, nous \u00e9tablissons des profils de risque d\u00e9taill\u00e9s qui guident nos strat\u00e9gies d&rsquo;investissement.<\/p>\n<p>La diversification \u00e0 travers un large \u00e9ventail de classes d&rsquo;actifs est un principe fondamental de notre approche. Nous pensons qu&rsquo;une construction de portefeuille r\u00e9fl\u00e9chie permet non seulement d&rsquo;am\u00e9liorer les rendements potentiels, mais aussi d&rsquo;obtenir le meilleur rapport risque\/rendement \u00e0 travers les diff\u00e9rents cycles du march\u00e9.<\/p>\n<p>En surveillant et en ajustant constamment les portefeuilles, nous veillons \u00e0 ce que les investissements de nos clients restent robustes et bien positionn\u00e9s pour une croissance \u00e0 long terme.<\/p>\n\t\t\t\t\t\t<\/div>\n\t\t\t\t<\/div>\n\t\t\t\t<\/div>\n\t\t<div class=\"elementor-element elementor-element-4ec6925 e-con-full e-flex e-con e-child\" data-id=\"4ec6925\" data-element_type=\"container\">\n\t\t\t\t<div class=\"elementor-element elementor-element-92971c9 elementor-widget__width-initial elementor-widget elementor-widget-video\" data-id=\"92971c9\" data-element_type=\"widget\" data-settings=\"{&quot;video_type&quot;:&quot;hosted&quot;,&quot;autoplay&quot;:&quot;yes&quot;,&quot;mute&quot;:&quot;yes&quot;,&quot;loop&quot;:&quot;yes&quot;}\" data-widget_type=\"video.default\">\n\t\t\t\t<div class=\"elementor-widget-container\">\n\t\t\t\t\t<div class=\"e-hosted-video elementor-wrapper elementor-open-inline\">\n\t\t\t\t\t<video class=\"elementor-video\" src=\"https:\/\/weiss.bazaks.digital\/wp-content\/uploads\/2024\/08\/Investments-2.mp4\" autoplay=\"\" loop=\"\" muted=\"muted\" controlsList=\"nodownload\"><\/video>\n\t\t\t\t<\/div>\n\t\t\t\t<\/div>\n\t\t\t\t<\/div>\n\t\t\t\t<\/div>\n\t\t\t\t\t<\/div>\n\t\t\t\t<\/div>\n\t\t<div class=\"elementor-element elementor-element-6e165b8 animated-fast e-flex e-con-boxed elementor-invisible e-con e-child\" data-id=\"6e165b8\" data-element_type=\"container\" data-settings=\"{&quot;animation&quot;:&quot;fadeIn&quot;}\">\n\t\t\t\t\t<div class=\"e-con-inner\">\n\t\t<div class=\"elementor-element elementor-element-0d4e9a4 e-con-full e-flex e-con e-child\" data-id=\"0d4e9a4\" data-element_type=\"container\">\n\t\t\t\t<div class=\"elementor-element elementor-element-e00c047 elementor-widget elementor-widget-heading\" data-id=\"e00c047\" data-element_type=\"widget\" data-widget_type=\"heading.default\">\n\t\t\t\t<div class=\"elementor-widget-container\">\n\t\t\t<h2 class=\"elementor-heading-title elementor-size-default\">Asset Management<\/h2>\t\t<\/div>\n\t\t\t\t<\/div>\n\t\t\t\t<div class=\"elementor-element elementor-element-2c7c80a elementor-widget elementor-widget-text-editor\" data-id=\"2c7c80a\" data-element_type=\"widget\" data-widget_type=\"text-editor.default\">\n\t\t\t\t<div class=\"elementor-widget-container\">\n\t\t\t\t\t\t\t<p>Chez Weisshorn Asset Management SA, nous g\u00e9rons des v\u00e9hicules d\u2019investissement \u00e0 travers une vari\u00e9t\u00e9 de th\u00e8mes et d\u2019objectifs.<\/p>\n<p>Notre licence LPCC, d\u00e9livr\u00e9e par la FINMA, nous autorise \u00e0 proposer une gamme diversifi\u00e9e de fonds de placement adapt\u00e9s aux besoins sp\u00e9cifiques de nos clients.<\/p>\n<p>Nous offrons \u00e0 nos clients institutionnels des solutions personnalis\u00e9es, d\u00e9velopp\u00e9es gr\u00e2ce \u00e0 une communication continue, afin d\u2019atteindre efficacement leurs objectifs sp\u00e9cifiques.<\/p>\n\t\t\t\t\t\t<\/div>\n\t\t\t\t<\/div>\n\t\t\t\t<\/div>\n\t\t<div class=\"elementor-element elementor-element-0b67e3f e-con-full e-flex e-con e-child\" data-id=\"0b67e3f\" data-element_type=\"container\">\n\t\t\t\t<div class=\"elementor-element elementor-element-9eecb9c elementor-widget elementor-widget-image\" data-id=\"9eecb9c\" data-element_type=\"widget\" data-widget_type=\"image.default\">\n\t\t\t\t<div class=\"elementor-widget-container\">\n\t\t\t\t\t\t\t\t\t\t\t\t\t<img decoding=\"async\" width=\"1920\" height=\"1080\" src=\"https:\/\/weisshorn-am.com\/wp-content\/uploads\/2024\/10\/3rd-pic.png\" class=\"attachment-full size-full wp-image-4045\" alt=\"\" srcset=\"https:\/\/weisshorn-am.com\/wp-content\/uploads\/2024\/10\/3rd-pic.png 1920w, https:\/\/weisshorn-am.com\/wp-content\/uploads\/2024\/10\/3rd-pic-300x169.png 300w, https:\/\/weisshorn-am.com\/wp-content\/uploads\/2024\/10\/3rd-pic-1024x576.png 1024w, https:\/\/weisshorn-am.com\/wp-content\/uploads\/2024\/10\/3rd-pic-768x432.png 768w, https:\/\/weisshorn-am.com\/wp-content\/uploads\/2024\/10\/3rd-pic-1536x864.png 1536w\" sizes=\"(max-width: 1920px) 100vw, 1920px\" \/>\t\t\t\t\t\t\t\t\t\t\t\t\t<\/div>\n\t\t\t\t<\/div>\n\t\t\t\t<\/div>\n\t\t\t\t\t<\/div>\n\t\t\t\t<\/div>\n\t\t\t\t<\/div>\n\t\t<div class=\"elementor-element elementor-element-acd8212 e-con-full animated-fast e-flex elementor-invisible e-con e-parent\" data-id=\"acd8212\" data-element_type=\"container\" data-settings=\"{&quot;background_background&quot;:&quot;classic&quot;,&quot;animation&quot;:&quot;fadeIn&quot;}\">\n\t\t\t\t<div class=\"elementor-element elementor-element-4f08a2e elementor-widget elementor-widget-heading\" data-id=\"4f08a2e\" data-element_type=\"widget\" data-widget_type=\"heading.default\">\n\t\t\t\t<div class=\"elementor-widget-container\">\n\t\t\t<h2 class=\"elementor-heading-title elementor-size-default\">ACTUALIT\u00c9 DU WALL STREET JOURNAL<\/h2>\t\t<\/div>\n\t\t\t\t<\/div>\n\t\t<div class=\"elementor-element elementor-element-26bd898 e-flex e-con-boxed e-con e-child\" data-id=\"26bd898\" data-element_type=\"container\">\n\t\t\t\t\t<div class=\"e-con-inner\">\n\t\t\t\t<div class=\"elementor-element elementor-element-2b16168 elementor-widget elementor-widget-html\" data-id=\"2b16168\" data-element_type=\"widget\" data-widget_type=\"html.default\">\n\t\t\t\t<div class=\"elementor-widget-container\">\n\t\t\t<div id=\"rss-feeds\"><\/div>\t\t<\/div>\n\t\t\t\t<\/div>\n\t\t\t\t\t<\/div>\n\t\t\t\t<\/div>\n\t\t\t\t<\/div>\n\t\t\t\t<\/div>\n\t\t","protected":false},"excerpt":{"rendered":"<p>Passionn\u00e9s Passionn\u00e9s par l&rsquo;investissement, nous proposons des services de gestion priv\u00e9e et collective. Pour vous aider \u00e0 atteindre vos objectifs d\u2019investissement, Weisshorn Asset Management SA utilise un processus d\u2019investissement rigoureux qui est audit\u00e9 chaque ann\u00e9e par l\u2019Autorit\u00e9 f\u00e9d\u00e9rale de surveillance des march\u00e9s financiers (FINMA). Nous sommes enti\u00e8rement enregistr\u00e9s et autoris\u00e9s en vertu de la loi [&hellip;]<\/p>\n","protected":false},"author":1,"featured_media":0,"parent":0,"menu_order":0,"comment_status":"closed","ping_status":"closed","template":"elementor_header_footer","meta":{"_acf_changed":false,"footnotes":""},"acf":[],"yoast_head":"<!-- This site is optimized with the Yoast SEO plugin v23.7 - https:\/\/yoast.com\/wordpress\/plugins\/seo\/ -->\n<title>Investissements - Weisshorn Asset Management<\/title>\n<meta name=\"robots\" content=\"index, follow, max-snippet:-1, max-image-preview:large, max-video-preview:-1\" \/>\n<link rel=\"canonical\" href=\"https:\/\/weisshorn-am.com\/fr\/investissements\/\" \/>\n<meta property=\"og:locale\" content=\"fr_FR\" \/>\n<meta property=\"og:type\" content=\"article\" \/>\n<meta property=\"og:title\" content=\"Investissements - Weisshorn Asset Management\" \/>\n<meta property=\"og:description\" content=\"Passionn\u00e9s Passionn\u00e9s par l&rsquo;investissement, nous proposons des services de gestion priv\u00e9e et collective. Pour vous aider \u00e0 atteindre vos objectifs d\u2019investissement, Weisshorn Asset Management SA utilise un processus d\u2019investissement rigoureux qui est audit\u00e9 chaque ann\u00e9e par l\u2019Autorit\u00e9 f\u00e9d\u00e9rale de surveillance des march\u00e9s financiers (FINMA). Nous sommes enti\u00e8rement enregistr\u00e9s et autoris\u00e9s en vertu de la loi [&hellip;]\" \/>\n<meta property=\"og:url\" content=\"https:\/\/weisshorn-am.com\/fr\/investissements\/\" \/>\n<meta property=\"og:site_name\" content=\"Weisshorn Asset Management\" \/>\n<meta property=\"article:modified_time\" content=\"2025-06-16T09:19:38+00:00\" \/>\n<meta property=\"og:image\" content=\"https:\/\/weisshorn-am.com\/wp-content\/uploads\/2025\/06\/20250608_115441.jpg\" \/>\n\t<meta property=\"og:image:width\" content=\"800\" \/>\n\t<meta property=\"og:image:height\" content=\"800\" \/>\n\t<meta property=\"og:image:type\" content=\"image\/jpeg\" \/>\n<meta name=\"twitter:card\" content=\"summary_large_image\" \/>\n<meta name=\"twitter:label1\" content=\"Dur\u00e9e de lecture estim\u00e9e\" \/>\n\t<meta name=\"twitter:data1\" content=\"4 minutes\" \/>\n<script type=\"application\/ld+json\" class=\"yoast-schema-graph\">{\"@context\":\"https:\/\/schema.org\",\"@graph\":[{\"@type\":\"WebPage\",\"@id\":\"https:\/\/weisshorn-am.com\/fr\/investissements\/\",\"url\":\"https:\/\/weisshorn-am.com\/fr\/investissements\/\",\"name\":\"Investissements - Weisshorn Asset Management\",\"isPartOf\":{\"@id\":\"https:\/\/weisshorn-am.com\/fr\/#website\"},\"primaryImageOfPage\":{\"@id\":\"https:\/\/weisshorn-am.com\/fr\/investissements\/#primaryimage\"},\"image\":{\"@id\":\"https:\/\/weisshorn-am.com\/fr\/investissements\/#primaryimage\"},\"thumbnailUrl\":\"https:\/\/weisshorn-am.com\/wp-content\/uploads\/2025\/06\/20250608_115441.jpg\",\"datePublished\":\"2024-07-17T05:55:38+00:00\",\"dateModified\":\"2025-06-16T09:19:38+00:00\",\"breadcrumb\":{\"@id\":\"https:\/\/weisshorn-am.com\/fr\/investissements\/#breadcrumb\"},\"inLanguage\":\"fr-FR\",\"potentialAction\":[{\"@type\":\"ReadAction\",\"target\":[\"https:\/\/weisshorn-am.com\/fr\/investissements\/\"]}]},{\"@type\":\"ImageObject\",\"inLanguage\":\"fr-FR\",\"@id\":\"https:\/\/weisshorn-am.com\/fr\/investissements\/#primaryimage\",\"url\":\"https:\/\/weisshorn-am.com\/wp-content\/uploads\/2025\/06\/20250608_115441.jpg\",\"contentUrl\":\"https:\/\/weisshorn-am.com\/wp-content\/uploads\/2025\/06\/20250608_115441.jpg\"},{\"@type\":\"BreadcrumbList\",\"@id\":\"https:\/\/weisshorn-am.com\/fr\/investissements\/#breadcrumb\",\"itemListElement\":[{\"@type\":\"ListItem\",\"position\":1,\"name\":\"Home\",\"item\":\"https:\/\/weisshorn-am.com\/fr\/\"},{\"@type\":\"ListItem\",\"position\":2,\"name\":\"Investissements\"}]},{\"@type\":\"WebSite\",\"@id\":\"https:\/\/weisshorn-am.com\/fr\/#website\",\"url\":\"https:\/\/weisshorn-am.com\/fr\/\",\"name\":\"Weisshorn Asset Management\",\"description\":\"\",\"publisher\":{\"@id\":\"https:\/\/weisshorn-am.com\/fr\/#organization\"},\"potentialAction\":[{\"@type\":\"SearchAction\",\"target\":{\"@type\":\"EntryPoint\",\"urlTemplate\":\"https:\/\/weisshorn-am.com\/fr\/?s={search_term_string}\"},\"query-input\":{\"@type\":\"PropertyValueSpecification\",\"valueRequired\":true,\"valueName\":\"search_term_string\"}}],\"inLanguage\":\"fr-FR\"},{\"@type\":\"Organization\",\"@id\":\"https:\/\/weisshorn-am.com\/fr\/#organization\",\"name\":\"Weisshorn Asset Management\",\"url\":\"https:\/\/weisshorn-am.com\/fr\/\",\"logo\":{\"@type\":\"ImageObject\",\"inLanguage\":\"fr-FR\",\"@id\":\"https:\/\/weisshorn-am.com\/fr\/#\/schema\/logo\/image\/\",\"url\":\"https:\/\/weisshorn-am.com\/wp-content\/uploads\/2024\/07\/logo-weisshorn.png\",\"contentUrl\":\"https:\/\/weisshorn-am.com\/wp-content\/uploads\/2024\/07\/logo-weisshorn.png\",\"width\":228,\"height\":55,\"caption\":\"Weisshorn Asset Management\"},\"image\":{\"@id\":\"https:\/\/weisshorn-am.com\/fr\/#\/schema\/logo\/image\/\"}}]}<\/script>\n<!-- \/ Yoast SEO plugin. -->","yoast_head_json":{"title":"Investissements - Weisshorn Asset Management","robots":{"index":"index","follow":"follow","max-snippet":"max-snippet:-1","max-image-preview":"max-image-preview:large","max-video-preview":"max-video-preview:-1"},"canonical":"https:\/\/weisshorn-am.com\/fr\/investissements\/","og_locale":"fr_FR","og_type":"article","og_title":"Investissements - Weisshorn Asset Management","og_description":"Passionn\u00e9s Passionn\u00e9s par l&rsquo;investissement, nous proposons des services de gestion priv\u00e9e et collective. Pour vous aider \u00e0 atteindre vos objectifs d\u2019investissement, Weisshorn Asset Management SA utilise un processus d\u2019investissement rigoureux qui est audit\u00e9 chaque ann\u00e9e par l\u2019Autorit\u00e9 f\u00e9d\u00e9rale de surveillance des march\u00e9s financiers (FINMA). Nous sommes enti\u00e8rement enregistr\u00e9s et autoris\u00e9s en vertu de la loi [&hellip;]","og_url":"https:\/\/weisshorn-am.com\/fr\/investissements\/","og_site_name":"Weisshorn Asset Management","article_modified_time":"2025-06-16T09:19:38+00:00","og_image":[{"url":"https:\/\/weisshorn-am.com\/wp-content\/uploads\/2025\/06\/20250608_115441.jpg","width":800,"height":800,"type":"image\/jpeg"}],"twitter_card":"summary_large_image","twitter_misc":{"Dur\u00e9e de lecture estim\u00e9e":"4 minutes"},"schema":{"@context":"https:\/\/schema.org","@graph":[{"@type":"WebPage","@id":"https:\/\/weisshorn-am.com\/fr\/investissements\/","url":"https:\/\/weisshorn-am.com\/fr\/investissements\/","name":"Investissements - Weisshorn Asset Management","isPartOf":{"@id":"https:\/\/weisshorn-am.com\/fr\/#website"},"primaryImageOfPage":{"@id":"https:\/\/weisshorn-am.com\/fr\/investissements\/#primaryimage"},"image":{"@id":"https:\/\/weisshorn-am.com\/fr\/investissements\/#primaryimage"},"thumbnailUrl":"https:\/\/weisshorn-am.com\/wp-content\/uploads\/2025\/06\/20250608_115441.jpg","datePublished":"2024-07-17T05:55:38+00:00","dateModified":"2025-06-16T09:19:38+00:00","breadcrumb":{"@id":"https:\/\/weisshorn-am.com\/fr\/investissements\/#breadcrumb"},"inLanguage":"fr-FR","potentialAction":[{"@type":"ReadAction","target":["https:\/\/weisshorn-am.com\/fr\/investissements\/"]}]},{"@type":"ImageObject","inLanguage":"fr-FR","@id":"https:\/\/weisshorn-am.com\/fr\/investissements\/#primaryimage","url":"https:\/\/weisshorn-am.com\/wp-content\/uploads\/2025\/06\/20250608_115441.jpg","contentUrl":"https:\/\/weisshorn-am.com\/wp-content\/uploads\/2025\/06\/20250608_115441.jpg"},{"@type":"BreadcrumbList","@id":"https:\/\/weisshorn-am.com\/fr\/investissements\/#breadcrumb","itemListElement":[{"@type":"ListItem","position":1,"name":"Home","item":"https:\/\/weisshorn-am.com\/fr\/"},{"@type":"ListItem","position":2,"name":"Investissements"}]},{"@type":"WebSite","@id":"https:\/\/weisshorn-am.com\/fr\/#website","url":"https:\/\/weisshorn-am.com\/fr\/","name":"Weisshorn Asset Management","description":"","publisher":{"@id":"https:\/\/weisshorn-am.com\/fr\/#organization"},"potentialAction":[{"@type":"SearchAction","target":{"@type":"EntryPoint","urlTemplate":"https:\/\/weisshorn-am.com\/fr\/?s={search_term_string}"},"query-input":{"@type":"PropertyValueSpecification","valueRequired":true,"valueName":"search_term_string"}}],"inLanguage":"fr-FR"},{"@type":"Organization","@id":"https:\/\/weisshorn-am.com\/fr\/#organization","name":"Weisshorn Asset Management","url":"https:\/\/weisshorn-am.com\/fr\/","logo":{"@type":"ImageObject","inLanguage":"fr-FR","@id":"https:\/\/weisshorn-am.com\/fr\/#\/schema\/logo\/image\/","url":"https:\/\/weisshorn-am.com\/wp-content\/uploads\/2024\/07\/logo-weisshorn.png","contentUrl":"https:\/\/weisshorn-am.com\/wp-content\/uploads\/2024\/07\/logo-weisshorn.png","width":228,"height":55,"caption":"Weisshorn Asset Management"},"image":{"@id":"https:\/\/weisshorn-am.com\/fr\/#\/schema\/logo\/image\/"}}]}},"_links":{"self":[{"href":"https:\/\/weisshorn-am.com\/fr\/wp-json\/wp\/v2\/pages\/3754"}],"collection":[{"href":"https:\/\/weisshorn-am.com\/fr\/wp-json\/wp\/v2\/pages"}],"about":[{"href":"https:\/\/weisshorn-am.com\/fr\/wp-json\/wp\/v2\/types\/page"}],"author":[{"embeddable":true,"href":"https:\/\/weisshorn-am.com\/fr\/wp-json\/wp\/v2\/users\/1"}],"replies":[{"embeddable":true,"href":"https:\/\/weisshorn-am.com\/fr\/wp-json\/wp\/v2\/comments?post=3754"}],"version-history":[{"count":52,"href":"https:\/\/weisshorn-am.com\/fr\/wp-json\/wp\/v2\/pages\/3754\/revisions"}],"predecessor-version":[{"id":6605,"href":"https:\/\/weisshorn-am.com\/fr\/wp-json\/wp\/v2\/pages\/3754\/revisions\/6605"}],"wp:attachment":[{"href":"https:\/\/weisshorn-am.com\/fr\/wp-json\/wp\/v2\/media?parent=3754"}],"curies":[{"name":"wp","href":"https:\/\/api.w.org\/{rel}","templated":true}]}}