{"id":4536,"date":"2024-11-06T03:32:34","date_gmt":"2024-11-06T03:32:34","guid":{"rendered":"https:\/\/weisshorn-am.com\/politica-de-confidencialidad\/"},"modified":"2024-12-20T09:46:54","modified_gmt":"2024-12-20T09:46:54","slug":"politica-de-confidencialidad","status":"publish","type":"page","link":"https:\/\/weisshorn-am.com\/es\/politica-de-confidencialidad\/","title":{"rendered":"Pol\u00edtica de confidencialidad"},"content":{"rendered":"\t\t<div data-elementor-type=\"wp-page\" data-elementor-id=\"4536\" class=\"elementor elementor-4536 elementor-4173\" data-elementor-post-type=\"page\">\n\t\t\t\t<div class=\"elementor-element elementor-element-aa529f2 e-con-full e-flex e-con e-parent\" data-id=\"aa529f2\" data-element_type=\"container\" data-settings=\"{&quot;background_background&quot;:&quot;classic&quot;}\">\n\t\t\t\t<div class=\"elementor-element elementor-element-f1ea4ff elementor-widget elementor-widget-heading\" data-id=\"f1ea4ff\" data-element_type=\"widget\" data-widget_type=\"heading.default\">\n\t\t\t\t<div class=\"elementor-widget-container\">\n\t\t\t<h1 class=\"elementor-heading-title elementor-size-default\">Pol\u00edtica de confidencialidad<\/h1>\t\t<\/div>\n\t\t\t\t<\/div>\n\t\t\t\t<\/div>\n\t\t<div class=\"elementor-element elementor-element-adc2855 e-flex e-con-boxed e-con e-parent\" data-id=\"adc2855\" data-element_type=\"container\" data-settings=\"{&quot;background_background&quot;:&quot;classic&quot;}\">\n\t\t\t\t\t<div class=\"e-con-inner\">\n\t\t\t\t<div class=\"elementor-element elementor-element-52b7a7d elementor-widget elementor-widget-heading\" data-id=\"52b7a7d\" data-element_type=\"widget\" data-widget_type=\"heading.default\">\n\t\t\t\t<div class=\"elementor-widget-container\">\n\t\t\t<h2 class=\"elementor-heading-title elementor-size-default\">Pol\u00edtica de confidencialidad<\/h2>\t\t<\/div>\n\t\t\t\t<\/div>\n\t\t\t\t\t<\/div>\n\t\t\t\t<\/div>\n\t\t<div class=\"elementor-element elementor-element-3617582 e-flex e-con-boxed e-con e-parent\" data-id=\"3617582\" data-element_type=\"container\" data-settings=\"{&quot;background_background&quot;:&quot;classic&quot;}\">\n\t\t\t\t\t<div class=\"e-con-inner\">\n\t\t<div class=\"elementor-element elementor-element-cd8e843 e-con-full e-flex e-con e-child\" data-id=\"cd8e843\" data-element_type=\"container\">\n\t\t\t\t<div class=\"elementor-element elementor-element-0d5b140 elementor-widget elementor-widget-image\" data-id=\"0d5b140\" data-element_type=\"widget\" data-widget_type=\"image.default\">\n\t\t\t\t<div class=\"elementor-widget-container\">\n\t\t\t\t\t\t\t\t\t\t\t\t\t<img fetchpriority=\"high\" decoding=\"async\" width=\"1286\" height=\"2048\" src=\"https:\/\/weisshorn-am.com\/wp-content\/uploads\/2024\/10\/DSC00326-Copie-1286x2048.jpg\" class=\"attachment-2048x2048 size-2048x2048 wp-image-4071\" alt=\"\" srcset=\"https:\/\/weisshorn-am.com\/wp-content\/uploads\/2024\/10\/DSC00326-Copie-1286x2048.jpg 1286w, https:\/\/weisshorn-am.com\/wp-content\/uploads\/2024\/10\/DSC00326-Copie-188x300.jpg 188w, https:\/\/weisshorn-am.com\/wp-content\/uploads\/2024\/10\/DSC00326-Copie-643x1024.jpg 643w, https:\/\/weisshorn-am.com\/wp-content\/uploads\/2024\/10\/DSC00326-Copie-768x1223.jpg 768w, https:\/\/weisshorn-am.com\/wp-content\/uploads\/2024\/10\/DSC00326-Copie-965x1536.jpg 965w, https:\/\/weisshorn-am.com\/wp-content\/uploads\/2024\/10\/DSC00326-Copie.jpg 1985w\" sizes=\"(max-width: 1286px) 100vw, 1286px\" \/>\t\t\t\t\t\t\t\t\t\t\t\t\t<\/div>\n\t\t\t\t<\/div>\n\t\t\t\t<\/div>\n\t\t<div class=\"elementor-element elementor-element-40e1cd0 e-con-full e-flex e-con e-child\" data-id=\"40e1cd0\" data-element_type=\"container\">\n\t\t\t\t<div class=\"elementor-element elementor-element-3cd6fae blkWysiwyg elementor-widget elementor-widget-text-editor\" data-id=\"3cd6fae\" data-element_type=\"widget\" data-widget_type=\"text-editor.default\">\n\t\t\t\t<div class=\"elementor-widget-container\">\n\t\t\t\t\t\t\t<p>Versi\u00f3n del 13 de agosto de 2023<\/p>\n<p><strong>Pre\u00e1mbulo<\/strong><\/p>\n<p>El objetivo de esta pol\u00edtica de cookies es describir detalladamente el tratamiento de la informaci\u00f3n recogida durante las visitas a este sitio web y ofrecerle la posibilidad de configurar el uso de cookies seg\u00fan sus deseos.<\/p>\n<p>En primer lugar, algunas explicaciones sobre el concepto de cookies y la finalidad de su uso.<\/p>\n<p><strong>El concepto de cookie<\/strong><\/p>\n<p>Una cookie es un archivo de texto enviado por un sitio web y almacenado en su terminal inform\u00e1tico (por ejemplo, ordenador, <em>smartphone<\/em>) cuando usted utiliza su navegador para consultar un servicio en l\u00ednea. La gran mayor\u00eda de los sitios web utilizan cookies.<\/p>\n<p>Una cookie permite a su emisor identificar el terminal en el que se almacena, durante el periodo de validez y almacenamiento de la cookie.<\/p>\n<p>Cualquier medio de almacenamiento utilizado por el navegador, como el <em>almacenamiento local <\/em>, el<em> almacenamiento de sesi\u00f3n <\/em>o cualquier otra base de datos local del navegador, se considera una \u00abcookie\u00bb a efectos de esta definici\u00f3n.<\/p>\n<p><strong>Finalidad del uso de cookies<\/strong><\/p>\n<p>En t\u00e9rminos generales, las cookies facilitan y mejoran su experiencia de navegaci\u00f3n en nuestro sitio web. A reserva de su elecci\u00f3n, que puede modificar en cualquier momento, utilizamos cookies en nuestro sitio para permitir una navegaci\u00f3n m\u00e1s eficaz a los usuarios.<\/p>\n<p>Las cookies que podemos emitir nos permiten recopilar estad\u00edsticas y vol\u00famenes sobre el n\u00famero de visitas y el uso de los distintos elementos que componen nuestro sitio, lo que nos permite mejorar el inter\u00e9s y la ergonom\u00eda de nuestros servicios y adaptar la presentaci\u00f3n de nuestro sitio a las preferencias de visualizaci\u00f3n de su terminal (por ejemplo, resoluci\u00f3n de pantalla, sistema operativo utilizado) durante sus visitas a nuestro sitio web.<\/p>\n\t\t\t\t\t\t<\/div>\n\t\t\t\t<\/div>\n\t\t\t\t<div class=\"elementor-element elementor-element-158f189 blkWysiwyg blkWysiwygAccor elementor-widget elementor-widget-accordion\" data-id=\"158f189\" data-element_type=\"widget\" data-widget_type=\"accordion.default\">\n\t\t\t\t<div class=\"elementor-widget-container\">\n\t\t\t\t\t<div class=\"elementor-accordion\">\n\t\t\t\t\t\t\t<div class=\"elementor-accordion-item\">\n\t\t\t\t\t<div id=\"elementor-tab-title-2261\" class=\"elementor-tab-title\" data-tab=\"1\" role=\"button\" aria-controls=\"elementor-tab-content-2261\" aria-expanded=\"false\">\n\t\t\t\t\t\t\t\t\t\t\t\t\t<span class=\"elementor-accordion-icon elementor-accordion-icon-left\" aria-hidden=\"true\">\n\t\t\t\t\t\t\t\t\t\t\t\t\t\t\t<span class=\"elementor-accordion-icon-closed\"><svg class=\"e-font-icon-svg e-fas-plus\" viewBox=\"0 0 448 512\" xmlns=\"http:\/\/www.w3.org\/2000\/svg\"><path d=\"M416 208H272V64c0-17.67-14.33-32-32-32h-32c-17.67 0-32 14.33-32 32v144H32c-17.67 0-32 14.33-32 32v32c0 17.67 14.33 32 32 32h144v144c0 17.67 14.33 32 32 32h32c17.67 0 32-14.33 32-32V304h144c17.67 0 32-14.33 32-32v-32c0-17.67-14.33-32-32-32z\"><\/path><\/svg><\/span>\n\t\t\t\t\t\t\t\t<span class=\"elementor-accordion-icon-opened\"><svg class=\"e-font-icon-svg e-fas-minus\" viewBox=\"0 0 448 512\" xmlns=\"http:\/\/www.w3.org\/2000\/svg\"><path d=\"M416 208H32c-17.67 0-32 14.33-32 32v32c0 17.67 14.33 32 32 32h384c17.67 0 32-14.33 32-32v-32c0-17.67-14.33-32-32-32z\"><\/path><\/svg><\/span>\n\t\t\t\t\t\t\t\t\t\t\t\t\t\t<\/span>\n\t\t\t\t\t\t\t\t\t\t\t\t<a class=\"elementor-accordion-title\" tabindex=\"0\"><\/a>\n\t\t\t\t\t<\/div>\n\t\t\t\t\t<div id=\"elementor-tab-content-2261\" class=\"elementor-tab-content elementor-clearfix\" data-tab=\"1\" role=\"region\" aria-labelledby=\"elementor-tab-title-2261\"><\/div>\n\t\t\t\t<\/div>\n\t\t\t\t\t\t\t<div class=\"elementor-accordion-item\">\n\t\t\t\t\t<div id=\"elementor-tab-title-2262\" class=\"elementor-tab-title\" data-tab=\"2\" role=\"button\" aria-controls=\"elementor-tab-content-2262\" aria-expanded=\"false\">\n\t\t\t\t\t\t\t\t\t\t\t\t\t<span class=\"elementor-accordion-icon elementor-accordion-icon-left\" aria-hidden=\"true\">\n\t\t\t\t\t\t\t\t\t\t\t\t\t\t\t<span class=\"elementor-accordion-icon-closed\"><svg class=\"e-font-icon-svg e-fas-plus\" viewBox=\"0 0 448 512\" xmlns=\"http:\/\/www.w3.org\/2000\/svg\"><path d=\"M416 208H272V64c0-17.67-14.33-32-32-32h-32c-17.67 0-32 14.33-32 32v144H32c-17.67 0-32 14.33-32 32v32c0 17.67 14.33 32 32 32h144v144c0 17.67 14.33 32 32 32h32c17.67 0 32-14.33 32-32V304h144c17.67 0 32-14.33 32-32v-32c0-17.67-14.33-32-32-32z\"><\/path><\/svg><\/span>\n\t\t\t\t\t\t\t\t<span class=\"elementor-accordion-icon-opened\"><svg class=\"e-font-icon-svg e-fas-minus\" viewBox=\"0 0 448 512\" xmlns=\"http:\/\/www.w3.org\/2000\/svg\"><path d=\"M416 208H32c-17.67 0-32 14.33-32 32v32c0 17.67 14.33 32 32 32h384c17.67 0 32-14.33 32-32v-32c0-17.67-14.33-32-32-32z\"><\/path><\/svg><\/span>\n\t\t\t\t\t\t\t\t\t\t\t\t\t\t<\/span>\n\t\t\t\t\t\t\t\t\t\t\t\t<a class=\"elementor-accordion-title\" tabindex=\"0\">Leer m\u00e1s<\/a>\n\t\t\t\t\t<\/div>\n\t\t\t\t\t<div id=\"elementor-tab-content-2262\" class=\"elementor-tab-content elementor-clearfix\" data-tab=\"2\" role=\"region\" aria-labelledby=\"elementor-tab-title-2262\"><p><strong>Cookies utilizadas e informaci\u00f3n recopilada<\/strong><\/p>\n<p>El registro de una cookie en un terminal est\u00e1 en principio sujeto a la voluntad del usuario del terminal.<\/p>\n<p>Las cookies utilizadas son :<\/p>\n<ol>\n<li>Internas\n<ul>\n<li>CONCRETE5: se utiliza para encontrar al usuario conectado o para encontrar el idioma preferido del usuario.<\/li>\n<li>Client_portal_accept: se utiliza para recordar que el usuario ha aceptado la ventana emergente para entrar en el portal del cliente.<\/li>\n<li>Cookie consent status: recuerda que el usuario ha aceptado la pol\u00edtica de privacidad.<\/li>\n<\/ul>\n<\/li>\n<li>Externas\n<ul>\n<li>-google analytics: estas cookies pueden permitirnos recopilar informaci\u00f3n sobre c\u00f3mo interact\u00faan los usuarios con nuestro sitio, como p\u00e1ginas visitadas, tiempo de permanencia, fuentes de tr\u00e1fico, etc. Estos datos se utilizan posteriormente para generar informes anal\u00edticos con el fin de comprender mejor el comportamiento de los usuarios y mejorar la experiencia del sitio web.<\/li>\n<li>-gid: esta cookie nos permite rastrear y agregar las interacciones de los usuarios en el sitio, como las p\u00e1ginas visitadas, el tiempo pasado en el sitio y otros comportamientos. Asigna un identificador \u00fanico a cada usuario para diferenciar entre sesiones e interacciones. Estos datos se utilizan para generar informes anal\u00edticos que nos ayudan a comprender mejor c\u00f3mo interact\u00faan los usuarios con el sitio y a tomar decisiones informadas para mejorar la experiencia del usuario.<\/li>\n<\/ul>\n<\/li>\n<\/ol>\n<p><strong>Finalidad del tratamiento<\/strong><\/p>\n<p>Siempre procesamos sus datos personales para fines espec\u00edficos y s\u00f3lo procesamos los datos personales pertinentes para lograr ese prop\u00f3sito. En concreto, tratamos los datos personales con los siguientes fines<\/p>\n<p><em>Administraci\u00f3n del sitio web.<\/em> <em>Por ejemplo, para<\/em><\/p>\n<ul>\n<li>Administraci\u00f3n t\u00e9cnica, investigaci\u00f3n y desarrollo para mejorar nuestros sitios web y la administraci\u00f3n de usuarios<\/li>\n<\/ul>\n<p><em>Gesti\u00f3n de relaciones<\/em><\/p>\n<ul>\n<li>Encontrar al usuario que ha iniciado sesi\u00f3n<\/li>\n<li>Realizar un seguimiento de las preferencias especificadas por el usuario, como el idioma, la zona horaria y el tiempo de espera tras periodos de inactividad.<\/li>\n<li>Realizar un seguimiento de su aceptaci\u00f3n de la pol\u00edtica de privacidad<\/li>\n<\/ul>\n<p><em>Implementaci\u00f3n y ejecuci\u00f3n de productos<\/em><\/p>\n<ul>\n<li>Mejorar la calidad de nuestros productos y servicios y nuestro uso de la tecnolog\u00eda.<\/li>\n<li><\/li>\n<\/ul>\n<p><strong>M\u00e9todos de recogida y almacenamiento de informaci\u00f3n<\/strong><\/p>\n<p>Utilizamos tecnolog\u00edas de rastreo, como las cookies, para recopilar la informaci\u00f3n descrita anteriormente con el fin de comprender c\u00f3mo utilizan nuestro sitio los visitantes.<\/p>\n<p>Las tecnolog\u00edas de seguimiento nos ayudan a gestionar y mejorar la usabilidad de nuestro sitio web, por ejemplo detectando si ha habido contacto entre su dispositivo y nosotros en el pasado e identificando las secciones m\u00e1s populares del sitio.<\/p>\n<p>Cuando usted guarda su configuraci\u00f3n de privacidad, \u00e9sta se aplica tambi\u00e9n a sus futuras visitas a nuestro sitio web. Sin embargo, por razones t\u00e9cnicas que escapan a nuestro control, esto no puede garantizarse. Por ejemplo, si reinicia su navegador, borra sus cookies o accede a nuestro sitio web desde otro navegador o dispositivo, su configuraci\u00f3n de privacidad puede perderse.<\/p>\n<p><strong>Protecci\u00f3n de datos<\/strong><\/p>\n<p>Hemos establecido medidas de seguridad t\u00e9cnicas y organizativas adecuadas para proteger sus datos personales, que recopilamos a trav\u00e9s de nuestro sitio web, contra la destrucci\u00f3n, p\u00e9rdida, alteraci\u00f3n, uso indebido, divulgaci\u00f3n o acceso no autorizados, accidentales o il\u00edcitos y contra cualquier otra forma ilegal de tratamiento.<\/p>\n<p>Todos los empleados que acceden a los datos personales deben cumplir las normas y procesos internos relativos al tratamiento de sus datos personales con el fin de protegerlos y garantizar su confidencialidad. En concreto, restringimos el acceso a sus datos personales a los empleados y a terceros subcontratados.<\/p>\n<p><strong>Divulgaci\u00f3n de la informaci\u00f3n recopilada<\/strong><\/p>\n<p>No revelamos a terceros la informaci\u00f3n recopilada a trav\u00e9s de nuestro sitio web.<\/p>\n<p><strong>Redes abiertas<\/strong><\/p>\n<p>Tenga en cuenta que si nos transfiere su informaci\u00f3n a trav\u00e9s de una red abierta como Internet, estas redes no suelen considerarse un entorno seguro. La informaci\u00f3n enviada a trav\u00e9s de Internet (por ejemplo, hacia o desde nuestro sitio web o por correo electr\u00f3nico) puede ser vista por terceros no autorizados, lo que puede dar lugar a revelaciones, cambios de contenido o fallos t\u00e9cnicos. Aunque el remitente y el destinatario se encuentren en el mismo pa\u00eds, la informaci\u00f3n enviada por Internet puede transmitirse a trav\u00e9s de fronteras internacionales a un pa\u00eds con un nivel de protecci\u00f3n de datos inferior al de su pa\u00eds de residencia.<\/p>\n<p>Tenga en cuenta que no nos hacemos responsables de la seguridad de su informaci\u00f3n en tr\u00e1nsito a trav\u00e9s de Internet a Weisshorn Asset Management SA. Con el fin de proteger su privacidad, le recordamos que puede elegir otros medios de comunicaci\u00f3n, cuando lo considere oportuno.<\/p>\n<p><strong>Acuerdo<\/strong><\/p>\n<p>Al utilizar este sitio web, usted consiente el tratamiento y la utilizaci\u00f3n de los datos recogidos en la forma descrita a continuaci\u00f3n.<\/p>\n<p><strong>Bloqueo o supresi\u00f3n<\/strong><\/p>\n<p>Puede restringir o bloquear el almacenamiento de cookies que no sean estrictamente necesarias en cualquier momento modificando la configuraci\u00f3n de su navegador. Sin embargo, no podemos garantizar que el sitio funcione correctamente en este caso. Alternativamente, puede eliminar las cookies existentes en su ordenador a trav\u00e9s de su navegador yendo a Herramientas o Preferencias y eliminando el historial de navegaci\u00f3n del que forman parte las cookies.<\/p>\n<p><strong>P\u00f3ngase en contacto con nosotros :<\/strong><\/p>\n<p>Puede ponerse en contacto con nosotros en relaci\u00f3n con este aviso en la siguiente direcci\u00f3n<\/p>\n<p><a href=\"mailto:info@weisshorn-am.com\">info@weisshorn-am.com<\/a><\/p>\n<\/div>\n\t\t\t\t<\/div>\n\t\t\t\t\t\t\t\t<\/div>\n\t\t\t\t<\/div>\n\t\t\t\t<\/div>\n\t\t\t\t<\/div>\n\t\t\t\t\t<\/div>\n\t\t\t\t<\/div>\n\t\t\t\t<\/div>\n\t\t","protected":false},"excerpt":{"rendered":"<p>Pol\u00edtica de confidencialidad Versi\u00f3n del 13 de agosto de 2023 Pre\u00e1mbulo El objetivo de esta pol\u00edtica de cookies es describir detalladamente el tratamiento de la informaci\u00f3n recogida durante las visitas a este sitio web y ofrecerle la posibilidad de configurar el uso de cookies seg\u00fan sus deseos. En primer lugar, algunas explicaciones sobre el concepto [&hellip;]<\/p>\n","protected":false},"author":1,"featured_media":0,"parent":0,"menu_order":0,"comment_status":"closed","ping_status":"closed","template":"elementor_header_footer","meta":{"_acf_changed":false,"footnotes":""},"acf":[],"yoast_head":"<!-- This site is optimized with the Yoast SEO plugin v23.7 - https:\/\/yoast.com\/wordpress\/plugins\/seo\/ -->\n<title>Pol\u00edtica de confidencialidad - Weisshorn Asset Management<\/title>\n<meta name=\"robots\" content=\"index, follow, max-snippet:-1, max-image-preview:large, max-video-preview:-1\" \/>\n<link rel=\"canonical\" href=\"https:\/\/weisshorn-am.com\/es\/politica-de-confidencialidad\/\" \/>\n<meta property=\"og:locale\" content=\"es_ES\" \/>\n<meta property=\"og:type\" content=\"article\" \/>\n<meta property=\"og:title\" content=\"Pol\u00edtica de confidencialidad - Weisshorn Asset Management\" \/>\n<meta property=\"og:description\" content=\"Pol\u00edtica de confidencialidad Versi\u00f3n del 13 de agosto de 2023 Pre\u00e1mbulo El objetivo de esta pol\u00edtica de cookies es describir detalladamente el tratamiento de la informaci\u00f3n recogida durante las visitas a este sitio web y ofrecerle la posibilidad de configurar el uso de cookies seg\u00fan sus deseos. En primer lugar, algunas explicaciones sobre el concepto [&hellip;]\" \/>\n<meta property=\"og:url\" content=\"https:\/\/weisshorn-am.com\/es\/politica-de-confidencialidad\/\" \/>\n<meta property=\"og:site_name\" content=\"Weisshorn Asset Management\" \/>\n<meta property=\"article:modified_time\" content=\"2024-12-20T09:46:54+00:00\" \/>\n<meta property=\"og:image\" content=\"https:\/\/weisshorn-am.com\/wp-content\/uploads\/2024\/10\/DSC00326-Copie.jpg\" \/>\n\t<meta property=\"og:image:width\" content=\"1985\" \/>\n\t<meta property=\"og:image:height\" content=\"3161\" \/>\n\t<meta property=\"og:image:type\" content=\"image\/jpeg\" \/>\n<meta name=\"twitter:card\" content=\"summary_large_image\" \/>\n<meta name=\"twitter:label1\" content=\"Tiempo de lectura\" \/>\n\t<meta name=\"twitter:data1\" content=\"6 minutos\" \/>\n<script type=\"application\/ld+json\" class=\"yoast-schema-graph\">{\"@context\":\"https:\/\/schema.org\",\"@graph\":[{\"@type\":\"WebPage\",\"@id\":\"https:\/\/weisshorn-am.com\/es\/politica-de-confidencialidad\/\",\"url\":\"https:\/\/weisshorn-am.com\/es\/politica-de-confidencialidad\/\",\"name\":\"Pol\u00edtica de confidencialidad - Weisshorn Asset Management\",\"isPartOf\":{\"@id\":\"https:\/\/weisshorn-am.com\/es\/#website\"},\"primaryImageOfPage\":{\"@id\":\"https:\/\/weisshorn-am.com\/es\/politica-de-confidencialidad\/#primaryimage\"},\"image\":{\"@id\":\"https:\/\/weisshorn-am.com\/es\/politica-de-confidencialidad\/#primaryimage\"},\"thumbnailUrl\":\"https:\/\/weisshorn-am.com\/wp-content\/uploads\/2024\/10\/DSC00326-Copie-1286x2048.jpg\",\"datePublished\":\"2024-11-06T03:32:34+00:00\",\"dateModified\":\"2024-12-20T09:46:54+00:00\",\"breadcrumb\":{\"@id\":\"https:\/\/weisshorn-am.com\/es\/politica-de-confidencialidad\/#breadcrumb\"},\"inLanguage\":\"es\",\"potentialAction\":[{\"@type\":\"ReadAction\",\"target\":[\"https:\/\/weisshorn-am.com\/es\/politica-de-confidencialidad\/\"]}]},{\"@type\":\"ImageObject\",\"inLanguage\":\"es\",\"@id\":\"https:\/\/weisshorn-am.com\/es\/politica-de-confidencialidad\/#primaryimage\",\"url\":\"https:\/\/weisshorn-am.com\/wp-content\/uploads\/2024\/10\/DSC00326-Copie-1286x2048.jpg\",\"contentUrl\":\"https:\/\/weisshorn-am.com\/wp-content\/uploads\/2024\/10\/DSC00326-Copie-1286x2048.jpg\"},{\"@type\":\"BreadcrumbList\",\"@id\":\"https:\/\/weisshorn-am.com\/es\/politica-de-confidencialidad\/#breadcrumb\",\"itemListElement\":[{\"@type\":\"ListItem\",\"position\":1,\"name\":\"Home\",\"item\":\"https:\/\/weisshorn-am.com\/es\/\"},{\"@type\":\"ListItem\",\"position\":2,\"name\":\"Pol\u00edtica de confidencialidad\"}]},{\"@type\":\"WebSite\",\"@id\":\"https:\/\/weisshorn-am.com\/es\/#website\",\"url\":\"https:\/\/weisshorn-am.com\/es\/\",\"name\":\"Weisshorn Asset Management\",\"description\":\"\",\"publisher\":{\"@id\":\"https:\/\/weisshorn-am.com\/es\/#organization\"},\"potentialAction\":[{\"@type\":\"SearchAction\",\"target\":{\"@type\":\"EntryPoint\",\"urlTemplate\":\"https:\/\/weisshorn-am.com\/es\/?s={search_term_string}\"},\"query-input\":{\"@type\":\"PropertyValueSpecification\",\"valueRequired\":true,\"valueName\":\"search_term_string\"}}],\"inLanguage\":\"es\"},{\"@type\":\"Organization\",\"@id\":\"https:\/\/weisshorn-am.com\/es\/#organization\",\"name\":\"Weisshorn Asset Management\",\"url\":\"https:\/\/weisshorn-am.com\/es\/\",\"logo\":{\"@type\":\"ImageObject\",\"inLanguage\":\"es\",\"@id\":\"https:\/\/weisshorn-am.com\/es\/#\/schema\/logo\/image\/\",\"url\":\"https:\/\/weisshorn-am.com\/wp-content\/uploads\/2024\/07\/logo-weisshorn.png\",\"contentUrl\":\"https:\/\/weisshorn-am.com\/wp-content\/uploads\/2024\/07\/logo-weisshorn.png\",\"width\":228,\"height\":55,\"caption\":\"Weisshorn Asset Management\"},\"image\":{\"@id\":\"https:\/\/weisshorn-am.com\/es\/#\/schema\/logo\/image\/\"}}]}<\/script>\n<!-- \/ Yoast SEO plugin. -->","yoast_head_json":{"title":"Pol\u00edtica de confidencialidad - Weisshorn Asset Management","robots":{"index":"index","follow":"follow","max-snippet":"max-snippet:-1","max-image-preview":"max-image-preview:large","max-video-preview":"max-video-preview:-1"},"canonical":"https:\/\/weisshorn-am.com\/es\/politica-de-confidencialidad\/","og_locale":"es_ES","og_type":"article","og_title":"Pol\u00edtica de confidencialidad - Weisshorn Asset Management","og_description":"Pol\u00edtica de confidencialidad Versi\u00f3n del 13 de agosto de 2023 Pre\u00e1mbulo El objetivo de esta pol\u00edtica de cookies es describir detalladamente el tratamiento de la informaci\u00f3n recogida durante las visitas a este sitio web y ofrecerle la posibilidad de configurar el uso de cookies seg\u00fan sus deseos. En primer lugar, algunas explicaciones sobre el concepto [&hellip;]","og_url":"https:\/\/weisshorn-am.com\/es\/politica-de-confidencialidad\/","og_site_name":"Weisshorn Asset Management","article_modified_time":"2024-12-20T09:46:54+00:00","og_image":[{"width":1985,"height":3161,"url":"https:\/\/weisshorn-am.com\/wp-content\/uploads\/2024\/10\/DSC00326-Copie.jpg","type":"image\/jpeg"}],"twitter_card":"summary_large_image","twitter_misc":{"Tiempo de lectura":"6 minutos"},"schema":{"@context":"https:\/\/schema.org","@graph":[{"@type":"WebPage","@id":"https:\/\/weisshorn-am.com\/es\/politica-de-confidencialidad\/","url":"https:\/\/weisshorn-am.com\/es\/politica-de-confidencialidad\/","name":"Pol\u00edtica de confidencialidad - Weisshorn Asset Management","isPartOf":{"@id":"https:\/\/weisshorn-am.com\/es\/#website"},"primaryImageOfPage":{"@id":"https:\/\/weisshorn-am.com\/es\/politica-de-confidencialidad\/#primaryimage"},"image":{"@id":"https:\/\/weisshorn-am.com\/es\/politica-de-confidencialidad\/#primaryimage"},"thumbnailUrl":"https:\/\/weisshorn-am.com\/wp-content\/uploads\/2024\/10\/DSC00326-Copie-1286x2048.jpg","datePublished":"2024-11-06T03:32:34+00:00","dateModified":"2024-12-20T09:46:54+00:00","breadcrumb":{"@id":"https:\/\/weisshorn-am.com\/es\/politica-de-confidencialidad\/#breadcrumb"},"inLanguage":"es","potentialAction":[{"@type":"ReadAction","target":["https:\/\/weisshorn-am.com\/es\/politica-de-confidencialidad\/"]}]},{"@type":"ImageObject","inLanguage":"es","@id":"https:\/\/weisshorn-am.com\/es\/politica-de-confidencialidad\/#primaryimage","url":"https:\/\/weisshorn-am.com\/wp-content\/uploads\/2024\/10\/DSC00326-Copie-1286x2048.jpg","contentUrl":"https:\/\/weisshorn-am.com\/wp-content\/uploads\/2024\/10\/DSC00326-Copie-1286x2048.jpg"},{"@type":"BreadcrumbList","@id":"https:\/\/weisshorn-am.com\/es\/politica-de-confidencialidad\/#breadcrumb","itemListElement":[{"@type":"ListItem","position":1,"name":"Home","item":"https:\/\/weisshorn-am.com\/es\/"},{"@type":"ListItem","position":2,"name":"Pol\u00edtica de confidencialidad"}]},{"@type":"WebSite","@id":"https:\/\/weisshorn-am.com\/es\/#website","url":"https:\/\/weisshorn-am.com\/es\/","name":"Weisshorn Asset Management","description":"","publisher":{"@id":"https:\/\/weisshorn-am.com\/es\/#organization"},"potentialAction":[{"@type":"SearchAction","target":{"@type":"EntryPoint","urlTemplate":"https:\/\/weisshorn-am.com\/es\/?s={search_term_string}"},"query-input":{"@type":"PropertyValueSpecification","valueRequired":true,"valueName":"search_term_string"}}],"inLanguage":"es"},{"@type":"Organization","@id":"https:\/\/weisshorn-am.com\/es\/#organization","name":"Weisshorn Asset Management","url":"https:\/\/weisshorn-am.com\/es\/","logo":{"@type":"ImageObject","inLanguage":"es","@id":"https:\/\/weisshorn-am.com\/es\/#\/schema\/logo\/image\/","url":"https:\/\/weisshorn-am.com\/wp-content\/uploads\/2024\/07\/logo-weisshorn.png","contentUrl":"https:\/\/weisshorn-am.com\/wp-content\/uploads\/2024\/07\/logo-weisshorn.png","width":228,"height":55,"caption":"Weisshorn Asset Management"},"image":{"@id":"https:\/\/weisshorn-am.com\/es\/#\/schema\/logo\/image\/"}}]}},"_links":{"self":[{"href":"https:\/\/weisshorn-am.com\/es\/wp-json\/wp\/v2\/pages\/4536"}],"collection":[{"href":"https:\/\/weisshorn-am.com\/es\/wp-json\/wp\/v2\/pages"}],"about":[{"href":"https:\/\/weisshorn-am.com\/es\/wp-json\/wp\/v2\/types\/page"}],"author":[{"embeddable":true,"href":"https:\/\/weisshorn-am.com\/es\/wp-json\/wp\/v2\/users\/1"}],"replies":[{"embeddable":true,"href":"https:\/\/weisshorn-am.com\/es\/wp-json\/wp\/v2\/comments?post=4536"}],"version-history":[{"count":1,"href":"https:\/\/weisshorn-am.com\/es\/wp-json\/wp\/v2\/pages\/4536\/revisions"}],"predecessor-version":[{"id":4537,"href":"https:\/\/weisshorn-am.com\/es\/wp-json\/wp\/v2\/pages\/4536\/revisions\/4537"}],"wp:attachment":[{"href":"https:\/\/weisshorn-am.com\/es\/wp-json\/wp\/v2\/media?parent=4536"}],"curies":[{"name":"wp","href":"https:\/\/api.w.org\/{rel}","templated":true}]}}