{"id":3795,"date":"2024-07-17T07:53:30","date_gmt":"2024-07-17T07:53:30","guid":{"rendered":"https:\/\/weisshorn-am.com\/noticias\/"},"modified":"2025-02-18T17:25:25","modified_gmt":"2025-02-18T17:25:25","slug":"noticias","status":"publish","type":"page","link":"https:\/\/weisshorn-am.com\/es\/noticias\/","title":{"rendered":"Noticias"},"content":{"rendered":"\t\t<div data-elementor-type=\"wp-page\" data-elementor-id=\"3795\" class=\"elementor elementor-3795 elementor-758\" data-elementor-post-type=\"page\">\n\t\t\t\t<div class=\"elementor-element elementor-element-aa529f2 e-con-full e-flex e-con e-parent\" data-id=\"aa529f2\" data-element_type=\"container\" data-settings=\"{&quot;background_background&quot;:&quot;classic&quot;}\">\n\t\t\t\t<div class=\"elementor-element elementor-element-f1ea4ff animated-slow elementor-invisible elementor-widget elementor-widget-heading\" data-id=\"f1ea4ff\" data-element_type=\"widget\" data-settings=\"{&quot;_animation&quot;:&quot;fadeIn&quot;}\" data-widget_type=\"heading.default\">\n\t\t\t\t<div class=\"elementor-widget-container\">\n\t\t\t<h1 class=\"elementor-heading-title elementor-size-default\">Noticias y publicaciones de Weisshorn<\/h1>\t\t<\/div>\n\t\t\t\t<\/div>\n\t\t\t\t<\/div>\n\t\t<div class=\"elementor-element elementor-element-adc2855 animated-slow e-flex e-con-boxed elementor-invisible e-con e-parent\" data-id=\"adc2855\" data-element_type=\"container\" data-settings=\"{&quot;background_background&quot;:&quot;classic&quot;,&quot;animation&quot;:&quot;customFadeInUp&quot;}\">\n\t\t\t\t\t<div class=\"e-con-inner\">\n\t\t\t\t<div class=\"elementor-element elementor-element-2bd2ae4 elementor-grid-1 elementor-posts--thumbnail-left elementor-grid-tablet-2 elementor-grid-mobile-1 elementor-widget elementor-widget-posts\" data-id=\"2bd2ae4\" data-element_type=\"widget\" id=\"listPosts\" data-settings=\"{&quot;classic_columns&quot;:&quot;1&quot;,&quot;pagination_type&quot;:&quot;numbers&quot;,&quot;classic_columns_tablet&quot;:&quot;2&quot;,&quot;classic_columns_mobile&quot;:&quot;1&quot;,&quot;classic_row_gap&quot;:{&quot;unit&quot;:&quot;px&quot;,&quot;size&quot;:35,&quot;sizes&quot;:[]},&quot;classic_row_gap_tablet&quot;:{&quot;unit&quot;:&quot;px&quot;,&quot;size&quot;:&quot;&quot;,&quot;sizes&quot;:[]},&quot;classic_row_gap_mobile&quot;:{&quot;unit&quot;:&quot;px&quot;,&quot;size&quot;:&quot;&quot;,&quot;sizes&quot;:[]}}\" data-widget_type=\"posts.classic\">\n\t\t\t\t<div class=\"elementor-widget-container\">\n\t\t\t\t\t<div class=\"elementor-posts-container elementor-posts elementor-posts--skin-classic elementor-grid\">\n\t\t\t\t<article class=\"elementor-post elementor-grid-item post-8125 post type-post status-publish format-standard has-post-thumbnail hentry category-sin-categorizar\">\n\t\t\t\t<a class=\"elementor-post__thumbnail__link\" href=\"https:\/\/weisshorn-am.com\/es\/cambios-en-la-direccion-de-weisshorn\/\" tabindex=\"-1\" >\n\t\t\t<div class=\"elementor-post__thumbnail\"><img fetchpriority=\"high\" decoding=\"async\" width=\"269\" height=\"300\" src=\"https:\/\/weisshorn-am.com\/wp-content\/uploads\/2026\/01\/Sonia_CV.jpg\" class=\"attachment-medium size-medium wp-image-8106\" alt=\"\" \/><\/div>\n\t\t<\/a>\n\t\t\t\t<div class=\"elementor-post__text\">\n\t\t\t\t<h2 class=\"elementor-post__title\">\n\t\t\t<a href=\"https:\/\/weisshorn-am.com\/es\/cambios-en-la-direccion-de-weisshorn\/\" >\n\t\t\t\tCambios en la Direcci\u00f3n de Weisshorn\t\t\t<\/a>\n\t\t<\/h2>\n\t\t\t\t<div class=\"elementor-post__meta-data\">\n\t\t\t\t\t<span class=\"elementor-post-date\">\n\t\t\t15\/01\/2026\t\t<\/span>\n\t\t\t\t<\/div>\n\t\t\t\t<div class=\"elementor-post__excerpt\">\n\t\t\t<p>Sonia Promovida a COO Tenemos el placer de felicitar a Sonia por su promoci\u00f3n al cargo de Chief Operating Officer<\/p>\n\t\t<\/div>\n\t\t\n\t\t<a class=\"elementor-post__read-more\" href=\"https:\/\/weisshorn-am.com\/es\/cambios-en-la-direccion-de-weisshorn\/\" aria-label=\"M\u00e1s informaci\u00f3n sobre Cambios en la Direcci\u00f3n de Weisshorn\" tabindex=\"-1\" >\n\t\t\tLeer m\u00e1s\t\t<\/a>\n\n\t\t\t\t<\/div>\n\t\t\t\t<\/article>\n\t\t\t\t<article class=\"elementor-post elementor-grid-item post-7245 post type-post status-publish format-standard has-post-thumbnail hentry category-sin-categorizar\">\n\t\t\t\t<a class=\"elementor-post__thumbnail__link\" href=\"https:\/\/weisshorn-am.com\/es\/10-ans-deja\/\" tabindex=\"-1\" >\n\t\t\t<div class=\"elementor-post__thumbnail\"><img decoding=\"async\" width=\"300\" height=\"169\" src=\"https:\/\/weisshorn-am.com\/wp-content\/uploads\/2025\/09\/weisshorn-banner-10-years-es.jpg\" class=\"attachment-medium size-medium wp-image-7286\" alt=\"\" \/><\/div>\n\t\t<\/a>\n\t\t\t\t<div class=\"elementor-post__text\">\n\t\t\t\t<h2 class=\"elementor-post__title\">\n\t\t\t<a href=\"https:\/\/weisshorn-am.com\/es\/10-ans-deja\/\" >\n\t\t\t\t\u00a1Ya son 10 a\u00f1os!\t\t\t<\/a>\n\t\t<\/h2>\n\t\t\t\t<div class=\"elementor-post__meta-data\">\n\t\t\t\t\t<span class=\"elementor-post-date\">\n\t\t\t12\/09\/2025\t\t<\/span>\n\t\t\t\t<\/div>\n\t\t\t\t<div class=\"elementor-post__excerpt\">\n\t\t\t<p>Estimados Clientes, Estimados Socios, Este a\u00f1o marca una etapa importante en la historia de nuestra empresa y celebramos con orgullo<\/p>\n\t\t<\/div>\n\t\t\n\t\t<a class=\"elementor-post__read-more\" href=\"https:\/\/weisshorn-am.com\/es\/10-ans-deja\/\" aria-label=\"M\u00e1s informaci\u00f3n sobre \u00a1Ya son 10 a\u00f1os!\" tabindex=\"-1\" >\n\t\t\tLeer m\u00e1s\t\t<\/a>\n\n\t\t\t\t<\/div>\n\t\t\t\t<\/article>\n\t\t\t\t<article class=\"elementor-post elementor-grid-item post-3840 post type-post status-publish format-standard has-post-thumbnail hentry category-news\">\n\t\t\t\t<a class=\"elementor-post__thumbnail__link\" href=\"https:\/\/weisshorn-am.com\/es\/loreal-buys-gjosa\/\" tabindex=\"-1\" >\n\t\t\t<div class=\"elementor-post__thumbnail\"><img decoding=\"async\" width=\"300\" height=\"211\" src=\"https:\/\/weisshorn-am.com\/wp-content\/uploads\/2025\/08\/SwissDividend.png\" class=\"attachment-medium size-medium wp-image-7066\" alt=\"\" \/><\/div>\n\t\t<\/a>\n\t\t\t\t<div class=\"elementor-post__text\">\n\t\t\t\t<h2 class=\"elementor-post__title\">\n\t\t\t<a href=\"https:\/\/weisshorn-am.com\/es\/loreal-buys-gjosa\/\" >\n\t\t\t\tNuevo certificado sobre compa\u00f1\u00edas suizas de altos dividendos\t\t\t<\/a>\n\t\t<\/h2>\n\t\t\t\t<div class=\"elementor-post__meta-data\">\n\t\t\t\t\t<span class=\"elementor-post-date\">\n\t\t\t06\/08\/2025\t\t<\/span>\n\t\t\t\t<\/div>\n\t\t\t\t<div class=\"elementor-post__excerpt\">\n\t\t\t<p>Nos complace anunciar el lanzamiento de Swiss Dividend, un certificado dedicado a las compa\u00f1\u00edas suizas de altos dividendos. En el<\/p>\n\t\t<\/div>\n\t\t\n\t\t<a class=\"elementor-post__read-more\" href=\"https:\/\/weisshorn-am.com\/es\/loreal-buys-gjosa\/\" aria-label=\"M\u00e1s informaci\u00f3n sobre Nuevo certificado sobre compa\u00f1\u00edas suizas de altos dividendos\" tabindex=\"-1\" >\n\t\t\tLeer m\u00e1s\t\t<\/a>\n\n\t\t\t\t<\/div>\n\t\t\t\t<\/article>\n\t\t\t\t<\/div>\n\t\t\n\t\t\t\t<\/div>\n\t\t\t\t<\/div>\n\t\t\t\t\t<\/div>\n\t\t\t\t<\/div>\n\t\t\t\t<\/div>\n\t\t","protected":false},"excerpt":{"rendered":"<p>Noticias y publicaciones de Weisshorn<\/p>\n","protected":false},"author":1,"featured_media":0,"parent":0,"menu_order":0,"comment_status":"closed","ping_status":"closed","template":"elementor_header_footer","meta":{"_acf_changed":false,"footnotes":""},"acf":[],"yoast_head":"<!-- This site is optimized with the Yoast SEO plugin v23.7 - https:\/\/yoast.com\/wordpress\/plugins\/seo\/ -->\n<title>Noticias - Weisshorn Asset Management<\/title>\n<meta name=\"robots\" content=\"index, follow, max-snippet:-1, max-image-preview:large, max-video-preview:-1\" \/>\n<link rel=\"canonical\" href=\"https:\/\/weisshorn-am.com\/es\/noticias\/\" \/>\n<meta property=\"og:locale\" content=\"es_ES\" \/>\n<meta property=\"og:type\" content=\"article\" \/>\n<meta property=\"og:title\" content=\"Noticias - Weisshorn Asset Management\" \/>\n<meta property=\"og:description\" content=\"Noticias y publicaciones de Weisshorn\" \/>\n<meta property=\"og:url\" content=\"https:\/\/weisshorn-am.com\/es\/noticias\/\" \/>\n<meta property=\"og:site_name\" content=\"Weisshorn Asset Management\" \/>\n<meta property=\"article:modified_time\" content=\"2025-02-18T17:25:25+00:00\" \/>\n<meta name=\"twitter:card\" content=\"summary_large_image\" \/>\n<meta name=\"twitter:label1\" content=\"Tiempo de lectura\" \/>\n\t<meta name=\"twitter:data1\" content=\"2 minutos\" \/>\n<script type=\"application\/ld+json\" class=\"yoast-schema-graph\">{\"@context\":\"https:\/\/schema.org\",\"@graph\":[{\"@type\":\"WebPage\",\"@id\":\"https:\/\/weisshorn-am.com\/es\/noticias\/\",\"url\":\"https:\/\/weisshorn-am.com\/es\/noticias\/\",\"name\":\"Noticias - Weisshorn Asset Management\",\"isPartOf\":{\"@id\":\"https:\/\/weisshorn-am.com\/es\/#website\"},\"datePublished\":\"2024-07-17T07:53:30+00:00\",\"dateModified\":\"2025-02-18T17:25:25+00:00\",\"breadcrumb\":{\"@id\":\"https:\/\/weisshorn-am.com\/es\/noticias\/#breadcrumb\"},\"inLanguage\":\"es\",\"potentialAction\":[{\"@type\":\"ReadAction\",\"target\":[\"https:\/\/weisshorn-am.com\/es\/noticias\/\"]}]},{\"@type\":\"BreadcrumbList\",\"@id\":\"https:\/\/weisshorn-am.com\/es\/noticias\/#breadcrumb\",\"itemListElement\":[{\"@type\":\"ListItem\",\"position\":1,\"name\":\"Home\",\"item\":\"https:\/\/weisshorn-am.com\/es\/\"},{\"@type\":\"ListItem\",\"position\":2,\"name\":\"Noticias\"}]},{\"@type\":\"WebSite\",\"@id\":\"https:\/\/weisshorn-am.com\/es\/#website\",\"url\":\"https:\/\/weisshorn-am.com\/es\/\",\"name\":\"Weisshorn Asset Management\",\"description\":\"\",\"publisher\":{\"@id\":\"https:\/\/weisshorn-am.com\/es\/#organization\"},\"potentialAction\":[{\"@type\":\"SearchAction\",\"target\":{\"@type\":\"EntryPoint\",\"urlTemplate\":\"https:\/\/weisshorn-am.com\/es\/?s={search_term_string}\"},\"query-input\":{\"@type\":\"PropertyValueSpecification\",\"valueRequired\":true,\"valueName\":\"search_term_string\"}}],\"inLanguage\":\"es\"},{\"@type\":\"Organization\",\"@id\":\"https:\/\/weisshorn-am.com\/es\/#organization\",\"name\":\"Weisshorn Asset Management\",\"url\":\"https:\/\/weisshorn-am.com\/es\/\",\"logo\":{\"@type\":\"ImageObject\",\"inLanguage\":\"es\",\"@id\":\"https:\/\/weisshorn-am.com\/es\/#\/schema\/logo\/image\/\",\"url\":\"https:\/\/weisshorn-am.com\/wp-content\/uploads\/2024\/07\/logo-weisshorn.png\",\"contentUrl\":\"https:\/\/weisshorn-am.com\/wp-content\/uploads\/2024\/07\/logo-weisshorn.png\",\"width\":228,\"height\":55,\"caption\":\"Weisshorn Asset Management\"},\"image\":{\"@id\":\"https:\/\/weisshorn-am.com\/es\/#\/schema\/logo\/image\/\"}}]}<\/script>\n<!-- \/ Yoast SEO plugin. -->","yoast_head_json":{"title":"Noticias - Weisshorn Asset Management","robots":{"index":"index","follow":"follow","max-snippet":"max-snippet:-1","max-image-preview":"max-image-preview:large","max-video-preview":"max-video-preview:-1"},"canonical":"https:\/\/weisshorn-am.com\/es\/noticias\/","og_locale":"es_ES","og_type":"article","og_title":"Noticias - Weisshorn Asset Management","og_description":"Noticias y publicaciones de Weisshorn","og_url":"https:\/\/weisshorn-am.com\/es\/noticias\/","og_site_name":"Weisshorn Asset Management","article_modified_time":"2025-02-18T17:25:25+00:00","twitter_card":"summary_large_image","twitter_misc":{"Tiempo de lectura":"2 minutos"},"schema":{"@context":"https:\/\/schema.org","@graph":[{"@type":"WebPage","@id":"https:\/\/weisshorn-am.com\/es\/noticias\/","url":"https:\/\/weisshorn-am.com\/es\/noticias\/","name":"Noticias - Weisshorn Asset Management","isPartOf":{"@id":"https:\/\/weisshorn-am.com\/es\/#website"},"datePublished":"2024-07-17T07:53:30+00:00","dateModified":"2025-02-18T17:25:25+00:00","breadcrumb":{"@id":"https:\/\/weisshorn-am.com\/es\/noticias\/#breadcrumb"},"inLanguage":"es","potentialAction":[{"@type":"ReadAction","target":["https:\/\/weisshorn-am.com\/es\/noticias\/"]}]},{"@type":"BreadcrumbList","@id":"https:\/\/weisshorn-am.com\/es\/noticias\/#breadcrumb","itemListElement":[{"@type":"ListItem","position":1,"name":"Home","item":"https:\/\/weisshorn-am.com\/es\/"},{"@type":"ListItem","position":2,"name":"Noticias"}]},{"@type":"WebSite","@id":"https:\/\/weisshorn-am.com\/es\/#website","url":"https:\/\/weisshorn-am.com\/es\/","name":"Weisshorn Asset Management","description":"","publisher":{"@id":"https:\/\/weisshorn-am.com\/es\/#organization"},"potentialAction":[{"@type":"SearchAction","target":{"@type":"EntryPoint","urlTemplate":"https:\/\/weisshorn-am.com\/es\/?s={search_term_string}"},"query-input":{"@type":"PropertyValueSpecification","valueRequired":true,"valueName":"search_term_string"}}],"inLanguage":"es"},{"@type":"Organization","@id":"https:\/\/weisshorn-am.com\/es\/#organization","name":"Weisshorn Asset Management","url":"https:\/\/weisshorn-am.com\/es\/","logo":{"@type":"ImageObject","inLanguage":"es","@id":"https:\/\/weisshorn-am.com\/es\/#\/schema\/logo\/image\/","url":"https:\/\/weisshorn-am.com\/wp-content\/uploads\/2024\/07\/logo-weisshorn.png","contentUrl":"https:\/\/weisshorn-am.com\/wp-content\/uploads\/2024\/07\/logo-weisshorn.png","width":228,"height":55,"caption":"Weisshorn Asset Management"},"image":{"@id":"https:\/\/weisshorn-am.com\/es\/#\/schema\/logo\/image\/"}}]}},"_links":{"self":[{"href":"https:\/\/weisshorn-am.com\/es\/wp-json\/wp\/v2\/pages\/3795"}],"collection":[{"href":"https:\/\/weisshorn-am.com\/es\/wp-json\/wp\/v2\/pages"}],"about":[{"href":"https:\/\/weisshorn-am.com\/es\/wp-json\/wp\/v2\/types\/page"}],"author":[{"embeddable":true,"href":"https:\/\/weisshorn-am.com\/es\/wp-json\/wp\/v2\/users\/1"}],"replies":[{"embeddable":true,"href":"https:\/\/weisshorn-am.com\/es\/wp-json\/wp\/v2\/comments?post=3795"}],"version-history":[{"count":10,"href":"https:\/\/weisshorn-am.com\/es\/wp-json\/wp\/v2\/pages\/3795\/revisions"}],"predecessor-version":[{"id":5503,"href":"https:\/\/weisshorn-am.com\/es\/wp-json\/wp\/v2\/pages\/3795\/revisions\/5503"}],"wp:attachment":[{"href":"https:\/\/weisshorn-am.com\/es\/wp-json\/wp\/v2\/media?parent=3795"}],"curies":[{"name":"wp","href":"https:\/\/api.w.org\/{rel}","templated":true}]}}